{"id":921,"date":"2017-08-24T19:35:10","date_gmt":"2017-07-24T17:35:10","guid":{"rendered":"https:\/\/claire-hecquet-chaut.com\/boutique\/patti-chain\/"},"modified":"2017-09-03T13:26:35","modified_gmt":"2017-09-03T11:26:35","slug":"patti-chain","status":"publish","type":"product","link":"https:\/\/claire-hecquet-chaut.com\/en\/shop\/patti-chain\/","title":{"rendered":"Patti Chain"},"content":{"rendered":"<h2>Patti chain, absolutely chic, lightly trash<\/h2>\n<p>Patti chain is inspired by urban alternative universe. Made of a double line of fine beads, alternated with \u00a0trapezium ceramic shapes, \u00a0this design is mixing sophisticated references with rougher &#8220;clin d oeil&#8221;.<\/p>\n<p>A double personality chain, made for a \u00a0refined countess or a rough woman rocker. This preppy rock piece is made for being also worn as a short necklace, in this case a bigger trapezium comes on the nape of the neck.<\/p>\n<p>Length : about 90cm<\/p>\n<p>Delivery : from 4 days to 4 weeks, depending on the availability<\/p>\n<h2>A luxurious made in France craft jewel<\/h2>\n<p>Patti fine ceramic necklace is entirely shaped and enameled in France by the designer in an authentic crafmanship.<\/p>\n<p>Each\u00a0bead requires several meticulous making steps such as shaping, sanding, drying, first firing,\u00a0enameling \u00a0second firing, if necessary third low firing and assembly.<\/p>\n<p>Metallic ring, and chain come from French\u00a0craftsmen and are nickel free. More over, the\u00a0packaging is done by a French printer.<\/p>\n<p>Each bead is\u00a0different\u00a0from the others resulting an irregular\u00a0aspect bringing \u00a0poetry and soul.<\/p>\n<p>This craft process is opened to color jewel special order.<\/p>\n","protected":false},"excerpt":{"rendered":"<p>Absolutely chic, lightly trash<\/p>\n","protected":false},"featured_media":4338,"template":"","meta":{"_acf_changed":false},"product_brand":[],"product_cat":[58],"product_tag":[],"class_list":{"0":"post-921","1":"product","2":"type-product","3":"status-publish","4":"has-post-thumbnail","6":"product_cat-long-necklaces","8":"first","9":"instock","10":"taxable","11":"shipping-taxable","12":"purchasable","13":"product-type-simple"},"acf":[],"yoast_head":"<!-- This site is optimized with the Yoast SEO plugin v27.5 - https:\/\/yoast.com\/product\/yoast-seo-wordpress\/ -->\n<title>Patty Chain-Ceramic jewelry by Claire Hecquet-Chaut<\/title>\n<meta name=\"description\" content=\"A Preppy rock chain made of mini ceramic beads mixed with geometrical ceramic beads.\" \/>\n<meta name=\"robots\" content=\"index, follow, max-snippet:-1, max-image-preview:large, max-video-preview:-1\" \/>\n<link rel=\"canonical\" href=\"https:\/\/claire-hecquet-chaut.com\/en\/shop\/patti-chain\/\" \/>\n<meta property=\"og:locale\" content=\"en_US\" \/>\n<meta property=\"og:type\" content=\"article\" \/>\n<meta property=\"og:title\" content=\"Patty Chain-Ceramic jewelry by Claire Hecquet-Chaut\" \/>\n<meta property=\"og:description\" content=\"A Preppy rock chain made of mini ceramic beads mixed with geometrical ceramic beads.\" \/>\n<meta property=\"og:url\" content=\"https:\/\/claire-hecquet-chaut.com\/en\/shop\/patti-chain\/\" \/>\n<meta property=\"og:site_name\" content=\"Bijoux c\u00e9ramique Claire Hecquet-Chaut\" \/>\n<meta property=\"article:publisher\" content=\"https:\/\/www.facebook.com\/claire.hecquetchaut\" \/>\n<meta property=\"article:modified_time\" content=\"2017-09-03T11:26:35+00:00\" \/>\n<meta property=\"og:image\" content=\"https:\/\/claire-hecquet-chaut.com\/wp-content\/uploads\/2017\/08\/Patti-kaki.jpg\" \/>\n\t<meta property=\"og:image:width\" content=\"800\" \/>\n\t<meta property=\"og:image:height\" content=\"1000\" \/>\n\t<meta property=\"og:image:type\" content=\"image\/jpeg\" \/>\n<meta name=\"twitter:card\" content=\"summary_large_image\" \/>\n<meta name=\"twitter:site\" content=\"@c_hecquetchaut\" \/>\n<meta name=\"twitter:label1\" content=\"Est. reading time\" \/>\n\t<meta name=\"twitter:data1\" content=\"1 minute\" \/>\n<script type=\"application\/ld+json\" class=\"yoast-schema-graph\">{\"@context\":\"https:\\\/\\\/schema.org\",\"@graph\":[{\"@type\":\"WebPage\",\"@id\":\"https:\\\/\\\/claire-hecquet-chaut.com\\\/en\\\/shop\\\/patti-chain\\\/\",\"url\":\"https:\\\/\\\/claire-hecquet-chaut.com\\\/en\\\/shop\\\/patti-chain\\\/\",\"name\":\"Patty Chain-Ceramic jewelry by Claire Hecquet-Chaut\",\"isPartOf\":{\"@id\":\"https:\\\/\\\/claire-hecquet-chaut.com\\\/#website\"},\"primaryImageOfPage\":{\"@id\":\"https:\\\/\\\/claire-hecquet-chaut.com\\\/en\\\/shop\\\/patti-chain\\\/#primaryimage\"},\"image\":{\"@id\":\"https:\\\/\\\/claire-hecquet-chaut.com\\\/en\\\/shop\\\/patti-chain\\\/#primaryimage\"},\"thumbnailUrl\":\"https:\\\/\\\/claire-hecquet-chaut.com\\\/wp-content\\\/uploads\\\/2017\\\/08\\\/Patti-kaki.jpg\",\"datePublished\":\"2017-07-24T17:35:10+00:00\",\"dateModified\":\"2017-09-03T11:26:35+00:00\",\"description\":\"A Preppy rock chain made of mini ceramic beads mixed with geometrical ceramic beads.\",\"breadcrumb\":{\"@id\":\"https:\\\/\\\/claire-hecquet-chaut.com\\\/en\\\/shop\\\/patti-chain\\\/#breadcrumb\"},\"inLanguage\":\"en-US\",\"potentialAction\":[{\"@type\":\"ReadAction\",\"target\":[\"https:\\\/\\\/claire-hecquet-chaut.com\\\/en\\\/shop\\\/patti-chain\\\/\"]}]},{\"@type\":\"ImageObject\",\"inLanguage\":\"en-US\",\"@id\":\"https:\\\/\\\/claire-hecquet-chaut.com\\\/en\\\/shop\\\/patti-chain\\\/#primaryimage\",\"url\":\"https:\\\/\\\/claire-hecquet-chaut.com\\\/wp-content\\\/uploads\\\/2017\\\/08\\\/Patti-kaki.jpg\",\"contentUrl\":\"https:\\\/\\\/claire-hecquet-chaut.com\\\/wp-content\\\/uploads\\\/2017\\\/08\\\/Patti-kaki.jpg\",\"width\":800,\"height\":1000,\"caption\":\"Sautoir long et fin constitu\u00e9 de 2 rangs de perles fines et de rectangles faits main en France par la cr\u00e9atrice\"},{\"@type\":\"BreadcrumbList\",\"@id\":\"https:\\\/\\\/claire-hecquet-chaut.com\\\/en\\\/shop\\\/patti-chain\\\/#breadcrumb\",\"itemListElement\":[{\"@type\":\"ListItem\",\"position\":1,\"name\":\"Accueil\",\"item\":\"https:\\\/\\\/claire-hecquet-chaut.com\\\/en\\\/\"},{\"@type\":\"ListItem\",\"position\":2,\"name\":\"Produits\",\"item\":\"https:\\\/\\\/claire-hecquet-chaut.com\\\/boutique\\\/\"},{\"@type\":\"ListItem\",\"position\":3,\"name\":\"Sautoirs\",\"item\":\"https:\\\/\\\/claire-hecquet-chaut.com\\\/categorie\\\/sautoirs\\\/\"},{\"@type\":\"ListItem\",\"position\":4,\"name\":\"Patti Chain\"}]},{\"@type\":\"WebSite\",\"@id\":\"https:\\\/\\\/claire-hecquet-chaut.com\\\/#website\",\"url\":\"https:\\\/\\\/claire-hecquet-chaut.com\\\/\",\"name\":\"Bijoux c\u00e9ramique Claire Hecquet-Chaut\",\"description\":\"Cr\u00e9ateur de bijoux en c\u00e9ramique depuis 1992\",\"publisher\":{\"@id\":\"https:\\\/\\\/claire-hecquet-chaut.com\\\/#organization\"},\"potentialAction\":[{\"@type\":\"SearchAction\",\"target\":{\"@type\":\"EntryPoint\",\"urlTemplate\":\"https:\\\/\\\/claire-hecquet-chaut.com\\\/?s={search_term_string}\"},\"query-input\":{\"@type\":\"PropertyValueSpecification\",\"valueRequired\":true,\"valueName\":\"search_term_string\"}}],\"inLanguage\":\"en-US\"},{\"@type\":\"Organization\",\"@id\":\"https:\\\/\\\/claire-hecquet-chaut.com\\\/#organization\",\"name\":\"Bijoux c\u00e9ramique Claire Hecquet-Chaut\",\"url\":\"https:\\\/\\\/claire-hecquet-chaut.com\\\/\",\"logo\":{\"@type\":\"ImageObject\",\"inLanguage\":\"en-US\",\"@id\":\"https:\\\/\\\/claire-hecquet-chaut.com\\\/#\\\/schema\\\/logo\\\/image\\\/\",\"url\":\"https:\\\/\\\/claire-hecquet-chaut.com\\\/wp-content\\\/uploads\\\/2017\\\/08\\\/lclaire-hecquet-chaut-bijoux-ceramique-france-logo.png\",\"contentUrl\":\"https:\\\/\\\/claire-hecquet-chaut.com\\\/wp-content\\\/uploads\\\/2017\\\/08\\\/lclaire-hecquet-chaut-bijoux-ceramique-france-logo.png\",\"width\":166,\"height\":166,\"caption\":\"Bijoux c\u00e9ramique Claire Hecquet-Chaut\"},\"image\":{\"@id\":\"https:\\\/\\\/claire-hecquet-chaut.com\\\/#\\\/schema\\\/logo\\\/image\\\/\"},\"sameAs\":[\"https:\\\/\\\/www.facebook.com\\\/claire.hecquetchaut\",\"https:\\\/\\\/x.com\\\/c_hecquetchaut\",\"https:\\\/\\\/www.instagram.com\\\/clairehecquetchaut\\\/\"]}]}<\/script>\n<!-- \/ Yoast SEO plugin. -->","yoast_head_json":{"title":"Patty Chain-Ceramic jewelry by Claire Hecquet-Chaut","description":"A Preppy rock chain made of mini ceramic beads mixed with geometrical ceramic beads.","robots":{"index":"index","follow":"follow","max-snippet":"max-snippet:-1","max-image-preview":"max-image-preview:large","max-video-preview":"max-video-preview:-1"},"canonical":"https:\/\/claire-hecquet-chaut.com\/en\/shop\/patti-chain\/","og_locale":"en_US","og_type":"article","og_title":"Patty Chain-Ceramic jewelry by Claire Hecquet-Chaut","og_description":"A Preppy rock chain made of mini ceramic beads mixed with geometrical ceramic beads.","og_url":"https:\/\/claire-hecquet-chaut.com\/en\/shop\/patti-chain\/","og_site_name":"Bijoux c\u00e9ramique Claire Hecquet-Chaut","article_publisher":"https:\/\/www.facebook.com\/claire.hecquetchaut","article_modified_time":"2017-09-03T11:26:35+00:00","og_image":[{"width":800,"height":1000,"url":"https:\/\/claire-hecquet-chaut.com\/wp-content\/uploads\/2017\/08\/Patti-kaki.jpg","type":"image\/jpeg"}],"twitter_card":"summary_large_image","twitter_site":"@c_hecquetchaut","twitter_misc":{"Est. reading time":"1 minute"},"schema":{"@context":"https:\/\/schema.org","@graph":[{"@type":"WebPage","@id":"https:\/\/claire-hecquet-chaut.com\/en\/shop\/patti-chain\/","url":"https:\/\/claire-hecquet-chaut.com\/en\/shop\/patti-chain\/","name":"Patty Chain-Ceramic jewelry by Claire Hecquet-Chaut","isPartOf":{"@id":"https:\/\/claire-hecquet-chaut.com\/#website"},"primaryImageOfPage":{"@id":"https:\/\/claire-hecquet-chaut.com\/en\/shop\/patti-chain\/#primaryimage"},"image":{"@id":"https:\/\/claire-hecquet-chaut.com\/en\/shop\/patti-chain\/#primaryimage"},"thumbnailUrl":"https:\/\/claire-hecquet-chaut.com\/wp-content\/uploads\/2017\/08\/Patti-kaki.jpg","datePublished":"2017-07-24T17:35:10+00:00","dateModified":"2017-09-03T11:26:35+00:00","description":"A Preppy rock chain made of mini ceramic beads mixed with geometrical ceramic beads.","breadcrumb":{"@id":"https:\/\/claire-hecquet-chaut.com\/en\/shop\/patti-chain\/#breadcrumb"},"inLanguage":"en-US","potentialAction":[{"@type":"ReadAction","target":["https:\/\/claire-hecquet-chaut.com\/en\/shop\/patti-chain\/"]}]},{"@type":"ImageObject","inLanguage":"en-US","@id":"https:\/\/claire-hecquet-chaut.com\/en\/shop\/patti-chain\/#primaryimage","url":"https:\/\/claire-hecquet-chaut.com\/wp-content\/uploads\/2017\/08\/Patti-kaki.jpg","contentUrl":"https:\/\/claire-hecquet-chaut.com\/wp-content\/uploads\/2017\/08\/Patti-kaki.jpg","width":800,"height":1000,"caption":"Sautoir long et fin constitu\u00e9 de 2 rangs de perles fines et de rectangles faits main en France par la cr\u00e9atrice"},{"@type":"BreadcrumbList","@id":"https:\/\/claire-hecquet-chaut.com\/en\/shop\/patti-chain\/#breadcrumb","itemListElement":[{"@type":"ListItem","position":1,"name":"Accueil","item":"https:\/\/claire-hecquet-chaut.com\/en\/"},{"@type":"ListItem","position":2,"name":"Produits","item":"https:\/\/claire-hecquet-chaut.com\/boutique\/"},{"@type":"ListItem","position":3,"name":"Sautoirs","item":"https:\/\/claire-hecquet-chaut.com\/categorie\/sautoirs\/"},{"@type":"ListItem","position":4,"name":"Patti Chain"}]},{"@type":"WebSite","@id":"https:\/\/claire-hecquet-chaut.com\/#website","url":"https:\/\/claire-hecquet-chaut.com\/","name":"Bijoux c\u00e9ramique Claire Hecquet-Chaut","description":"Cr\u00e9ateur de bijoux en c\u00e9ramique depuis 1992","publisher":{"@id":"https:\/\/claire-hecquet-chaut.com\/#organization"},"potentialAction":[{"@type":"SearchAction","target":{"@type":"EntryPoint","urlTemplate":"https:\/\/claire-hecquet-chaut.com\/?s={search_term_string}"},"query-input":{"@type":"PropertyValueSpecification","valueRequired":true,"valueName":"search_term_string"}}],"inLanguage":"en-US"},{"@type":"Organization","@id":"https:\/\/claire-hecquet-chaut.com\/#organization","name":"Bijoux c\u00e9ramique Claire Hecquet-Chaut","url":"https:\/\/claire-hecquet-chaut.com\/","logo":{"@type":"ImageObject","inLanguage":"en-US","@id":"https:\/\/claire-hecquet-chaut.com\/#\/schema\/logo\/image\/","url":"https:\/\/claire-hecquet-chaut.com\/wp-content\/uploads\/2017\/08\/lclaire-hecquet-chaut-bijoux-ceramique-france-logo.png","contentUrl":"https:\/\/claire-hecquet-chaut.com\/wp-content\/uploads\/2017\/08\/lclaire-hecquet-chaut-bijoux-ceramique-france-logo.png","width":166,"height":166,"caption":"Bijoux c\u00e9ramique Claire Hecquet-Chaut"},"image":{"@id":"https:\/\/claire-hecquet-chaut.com\/#\/schema\/logo\/image\/"},"sameAs":["https:\/\/www.facebook.com\/claire.hecquetchaut","https:\/\/x.com\/c_hecquetchaut","https:\/\/www.instagram.com\/clairehecquetchaut\/"]}]}},"_links":{"self":[{"href":"https:\/\/claire-hecquet-chaut.com\/en\/wp-json\/wp\/v2\/product\/921","targetHints":{"allow":["GET"]}}],"collection":[{"href":"https:\/\/claire-hecquet-chaut.com\/en\/wp-json\/wp\/v2\/product"}],"about":[{"href":"https:\/\/claire-hecquet-chaut.com\/en\/wp-json\/wp\/v2\/types\/product"}],"wp:featuredmedia":[{"embeddable":true,"href":"https:\/\/claire-hecquet-chaut.com\/en\/wp-json\/wp\/v2\/media\/4338"}],"wp:attachment":[{"href":"https:\/\/claire-hecquet-chaut.com\/en\/wp-json\/wp\/v2\/media?parent=921"}],"wp:term":[{"taxonomy":"product_brand","embeddable":true,"href":"https:\/\/claire-hecquet-chaut.com\/en\/wp-json\/wp\/v2\/product_brand?post=921"},{"taxonomy":"product_cat","embeddable":true,"href":"https:\/\/claire-hecquet-chaut.com\/en\/wp-json\/wp\/v2\/product_cat?post=921"},{"taxonomy":"product_tag","embeddable":true,"href":"https:\/\/claire-hecquet-chaut.com\/en\/wp-json\/wp\/v2\/product_tag?post=921"}],"curies":[{"name":"wp","href":"https:\/\/api.w.org\/{rel}","templated":true}]}}