{"id":836,"date":"2017-07-24T09:16:08","date_gmt":"2017-07-24T07:16:08","guid":{"rendered":"https:\/\/claire-hecquet-chaut.com\/boutique\/836\/"},"modified":"2017-09-03T11:01:06","modified_gmt":"2017-09-03T09:01:06","slug":"yvonne-rectangle-necklace","status":"publish","type":"product","link":"https:\/\/claire-hecquet-chaut.com\/en\/shop\/yvonne-rectangle-necklace\/","title":{"rendered":"Yvonne rectangle necklace"},"content":{"rendered":"<h2>A smart baby chain<\/h2>\n<p>A both smart and relax necklace reminding us the 70\u2019s outfits , between formal style suits and beatnik gri-gri. \u00a0Entirely made of hand-made ceramic beads : fine round shapes, a rectangle and three round ceramic beads hung . Its ceramic material, makes it soft touch.<\/p>\n<p>His reasonable length (about 84 cm) and small bead size makes it easy to wear. An nice alternative to very long chains.<\/p>\n<p>Delivery time : from 3 days to 4 weeks depending on availability.<\/p>\n<h2>A luxurious made in France craft jewel<\/h2>\n<p>Rectangle Yvonne necklace is entirely shaped ans enameled in France by the designer in an authentic crafmanship.<\/p>\n<p>Each bead of this necklace is of thin clay and need several meticulous making step : shaping, sanding, drying, first firing,\u00a0enameling \u00a0second firing, if necessary third low firing and assembly.<\/p>\n<p>Metallic ring, and chain come from french\u00a0craftsmen and are nickel free. Even the\u00a0packaging is done by a French printer.<\/p>\n<p>Each piece is\u00a0different\u00a0from the other as hand made. It &#8216;s resulting a subtly\u00a0irregular\u00a0aspect bringing \u00a0poetry and soul.<\/p>\n<p>This craft process is open to jewel special order in sizes or in color.<\/p>\n","protected":false},"excerpt":{"rendered":"<p>Baby smart chain<\/p>\n","protected":false},"featured_media":224,"template":"","meta":{"_acf_changed":false},"product_brand":[],"product_cat":[54],"product_tag":[],"class_list":{"0":"post-836","1":"product","2":"type-product","3":"status-publish","4":"has-post-thumbnail","6":"product_cat-ceramic-necklaces","8":"first","9":"instock","10":"taxable","11":"shipping-taxable","12":"purchasable","13":"product-type-simple"},"acf":[],"yoast_head":"<!-- This site is optimized with the Yoast SEO plugin v27.3 - https:\/\/yoast.com\/product\/yoast-seo-wordpress\/ -->\n<title>Yvonne rectangle necklace-Ceramic jewelry Claire Hecquet-Chaut<\/title>\n<meta name=\"description\" content=\"French baby ceramic chain by Claire Hecquet-Chaut\" \/>\n<meta name=\"robots\" content=\"index, follow, max-snippet:-1, max-image-preview:large, max-video-preview:-1\" \/>\n<link rel=\"canonical\" href=\"https:\/\/claire-hecquet-chaut.com\/en\/shop\/yvonne-rectangle-necklace\/\" \/>\n<meta property=\"og:locale\" content=\"en_US\" \/>\n<meta property=\"og:type\" content=\"article\" \/>\n<meta property=\"og:title\" content=\"Yvonne rectangle necklace-Ceramic jewelry Claire Hecquet-Chaut\" \/>\n<meta property=\"og:description\" content=\"French baby ceramic chain by Claire Hecquet-Chaut\" \/>\n<meta property=\"og:url\" content=\"https:\/\/claire-hecquet-chaut.com\/en\/shop\/yvonne-rectangle-necklace\/\" \/>\n<meta property=\"og:site_name\" content=\"Bijoux c\u00e9ramique Claire Hecquet-Chaut\" \/>\n<meta property=\"article:publisher\" content=\"https:\/\/www.facebook.com\/claire.hecquetchaut\" \/>\n<meta property=\"article:modified_time\" content=\"2017-09-03T09:01:06+00:00\" \/>\n<meta property=\"og:image\" content=\"https:\/\/claire-hecquet-chaut.com\/wp-content\/uploads\/2017\/07\/collier-rectangle-ceramique-rouge-claire-hecquet-chaut.jpg\" \/>\n\t<meta property=\"og:image:width\" content=\"575\" \/>\n\t<meta property=\"og:image:height\" content=\"765\" \/>\n\t<meta property=\"og:image:type\" content=\"image\/jpeg\" \/>\n<meta name=\"twitter:card\" content=\"summary_large_image\" \/>\n<meta name=\"twitter:site\" content=\"@c_hecquetchaut\" \/>\n<meta name=\"twitter:label1\" content=\"Est. reading time\" \/>\n\t<meta name=\"twitter:data1\" content=\"1 minute\" \/>\n<script type=\"application\/ld+json\" class=\"yoast-schema-graph\">{\"@context\":\"https:\\\/\\\/schema.org\",\"@graph\":[{\"@type\":\"WebPage\",\"@id\":\"https:\\\/\\\/claire-hecquet-chaut.com\\\/en\\\/shop\\\/yvonne-rectangle-necklace\\\/\",\"url\":\"https:\\\/\\\/claire-hecquet-chaut.com\\\/en\\\/shop\\\/yvonne-rectangle-necklace\\\/\",\"name\":\"Yvonne rectangle necklace-Ceramic jewelry Claire Hecquet-Chaut\",\"isPartOf\":{\"@id\":\"https:\\\/\\\/claire-hecquet-chaut.com\\\/#website\"},\"primaryImageOfPage\":{\"@id\":\"https:\\\/\\\/claire-hecquet-chaut.com\\\/en\\\/shop\\\/yvonne-rectangle-necklace\\\/#primaryimage\"},\"image\":{\"@id\":\"https:\\\/\\\/claire-hecquet-chaut.com\\\/en\\\/shop\\\/yvonne-rectangle-necklace\\\/#primaryimage\"},\"thumbnailUrl\":\"https:\\\/\\\/claire-hecquet-chaut.com\\\/wp-content\\\/uploads\\\/2017\\\/07\\\/collier-rectangle-ceramique-rouge-claire-hecquet-chaut.jpg\",\"datePublished\":\"2017-07-24T07:16:08+00:00\",\"dateModified\":\"2017-09-03T09:01:06+00:00\",\"description\":\"French baby ceramic chain by Claire Hecquet-Chaut\",\"breadcrumb\":{\"@id\":\"https:\\\/\\\/claire-hecquet-chaut.com\\\/en\\\/shop\\\/yvonne-rectangle-necklace\\\/#breadcrumb\"},\"inLanguage\":\"en-US\",\"potentialAction\":[{\"@type\":\"ReadAction\",\"target\":[\"https:\\\/\\\/claire-hecquet-chaut.com\\\/en\\\/shop\\\/yvonne-rectangle-necklace\\\/\"]}]},{\"@type\":\"ImageObject\",\"inLanguage\":\"en-US\",\"@id\":\"https:\\\/\\\/claire-hecquet-chaut.com\\\/en\\\/shop\\\/yvonne-rectangle-necklace\\\/#primaryimage\",\"url\":\"https:\\\/\\\/claire-hecquet-chaut.com\\\/wp-content\\\/uploads\\\/2017\\\/07\\\/collier-rectangle-ceramique-rouge-claire-hecquet-chaut.jpg\",\"contentUrl\":\"https:\\\/\\\/claire-hecquet-chaut.com\\\/wp-content\\\/uploads\\\/2017\\\/07\\\/collier-rectangle-ceramique-rouge-claire-hecquet-chaut.jpg\",\"width\":575,\"height\":765,\"caption\":\"Yvonne rectangle ceramic necklace by Claire Hecquet-Chaut\"},{\"@type\":\"BreadcrumbList\",\"@id\":\"https:\\\/\\\/claire-hecquet-chaut.com\\\/en\\\/shop\\\/yvonne-rectangle-necklace\\\/#breadcrumb\",\"itemListElement\":[{\"@type\":\"ListItem\",\"position\":1,\"name\":\"Accueil\",\"item\":\"https:\\\/\\\/claire-hecquet-chaut.com\\\/en\\\/\"},{\"@type\":\"ListItem\",\"position\":2,\"name\":\"Produits\",\"item\":\"https:\\\/\\\/claire-hecquet-chaut.com\\\/boutique\\\/\"},{\"@type\":\"ListItem\",\"position\":3,\"name\":\"Ceramic Necklaces\",\"item\":\"https:\\\/\\\/claire-hecquet-chaut.com\\\/en\\\/categorie\\\/ceramic-necklaces\\\/\"},{\"@type\":\"ListItem\",\"position\":4,\"name\":\"Yvonne rectangle necklace\"}]},{\"@type\":\"WebSite\",\"@id\":\"https:\\\/\\\/claire-hecquet-chaut.com\\\/#website\",\"url\":\"https:\\\/\\\/claire-hecquet-chaut.com\\\/\",\"name\":\"Bijoux c\u00e9ramique Claire Hecquet-Chaut\",\"description\":\"Cr\u00e9ateur de bijoux en c\u00e9ramique depuis 1992\",\"publisher\":{\"@id\":\"https:\\\/\\\/claire-hecquet-chaut.com\\\/#organization\"},\"potentialAction\":[{\"@type\":\"SearchAction\",\"target\":{\"@type\":\"EntryPoint\",\"urlTemplate\":\"https:\\\/\\\/claire-hecquet-chaut.com\\\/?s={search_term_string}\"},\"query-input\":{\"@type\":\"PropertyValueSpecification\",\"valueRequired\":true,\"valueName\":\"search_term_string\"}}],\"inLanguage\":\"en-US\"},{\"@type\":\"Organization\",\"@id\":\"https:\\\/\\\/claire-hecquet-chaut.com\\\/#organization\",\"name\":\"Bijoux c\u00e9ramique Claire Hecquet-Chaut\",\"url\":\"https:\\\/\\\/claire-hecquet-chaut.com\\\/\",\"logo\":{\"@type\":\"ImageObject\",\"inLanguage\":\"en-US\",\"@id\":\"https:\\\/\\\/claire-hecquet-chaut.com\\\/#\\\/schema\\\/logo\\\/image\\\/\",\"url\":\"https:\\\/\\\/claire-hecquet-chaut.com\\\/wp-content\\\/uploads\\\/2017\\\/08\\\/lclaire-hecquet-chaut-bijoux-ceramique-france-logo.png\",\"contentUrl\":\"https:\\\/\\\/claire-hecquet-chaut.com\\\/wp-content\\\/uploads\\\/2017\\\/08\\\/lclaire-hecquet-chaut-bijoux-ceramique-france-logo.png\",\"width\":166,\"height\":166,\"caption\":\"Bijoux c\u00e9ramique Claire Hecquet-Chaut\"},\"image\":{\"@id\":\"https:\\\/\\\/claire-hecquet-chaut.com\\\/#\\\/schema\\\/logo\\\/image\\\/\"},\"sameAs\":[\"https:\\\/\\\/www.facebook.com\\\/claire.hecquetchaut\",\"https:\\\/\\\/x.com\\\/c_hecquetchaut\",\"https:\\\/\\\/www.instagram.com\\\/clairehecquetchaut\\\/\"]}]}<\/script>\n<!-- \/ Yoast SEO plugin. -->","yoast_head_json":{"title":"Yvonne rectangle necklace-Ceramic jewelry Claire Hecquet-Chaut","description":"French baby ceramic chain by Claire Hecquet-Chaut","robots":{"index":"index","follow":"follow","max-snippet":"max-snippet:-1","max-image-preview":"max-image-preview:large","max-video-preview":"max-video-preview:-1"},"canonical":"https:\/\/claire-hecquet-chaut.com\/en\/shop\/yvonne-rectangle-necklace\/","og_locale":"en_US","og_type":"article","og_title":"Yvonne rectangle necklace-Ceramic jewelry Claire Hecquet-Chaut","og_description":"French baby ceramic chain by Claire Hecquet-Chaut","og_url":"https:\/\/claire-hecquet-chaut.com\/en\/shop\/yvonne-rectangle-necklace\/","og_site_name":"Bijoux c\u00e9ramique Claire Hecquet-Chaut","article_publisher":"https:\/\/www.facebook.com\/claire.hecquetchaut","article_modified_time":"2017-09-03T09:01:06+00:00","og_image":[{"width":575,"height":765,"url":"https:\/\/claire-hecquet-chaut.com\/wp-content\/uploads\/2017\/07\/collier-rectangle-ceramique-rouge-claire-hecquet-chaut.jpg","type":"image\/jpeg"}],"twitter_card":"summary_large_image","twitter_site":"@c_hecquetchaut","twitter_misc":{"Est. reading time":"1 minute"},"schema":{"@context":"https:\/\/schema.org","@graph":[{"@type":"WebPage","@id":"https:\/\/claire-hecquet-chaut.com\/en\/shop\/yvonne-rectangle-necklace\/","url":"https:\/\/claire-hecquet-chaut.com\/en\/shop\/yvonne-rectangle-necklace\/","name":"Yvonne rectangle necklace-Ceramic jewelry Claire Hecquet-Chaut","isPartOf":{"@id":"https:\/\/claire-hecquet-chaut.com\/#website"},"primaryImageOfPage":{"@id":"https:\/\/claire-hecquet-chaut.com\/en\/shop\/yvonne-rectangle-necklace\/#primaryimage"},"image":{"@id":"https:\/\/claire-hecquet-chaut.com\/en\/shop\/yvonne-rectangle-necklace\/#primaryimage"},"thumbnailUrl":"https:\/\/claire-hecquet-chaut.com\/wp-content\/uploads\/2017\/07\/collier-rectangle-ceramique-rouge-claire-hecquet-chaut.jpg","datePublished":"2017-07-24T07:16:08+00:00","dateModified":"2017-09-03T09:01:06+00:00","description":"French baby ceramic chain by Claire Hecquet-Chaut","breadcrumb":{"@id":"https:\/\/claire-hecquet-chaut.com\/en\/shop\/yvonne-rectangle-necklace\/#breadcrumb"},"inLanguage":"en-US","potentialAction":[{"@type":"ReadAction","target":["https:\/\/claire-hecquet-chaut.com\/en\/shop\/yvonne-rectangle-necklace\/"]}]},{"@type":"ImageObject","inLanguage":"en-US","@id":"https:\/\/claire-hecquet-chaut.com\/en\/shop\/yvonne-rectangle-necklace\/#primaryimage","url":"https:\/\/claire-hecquet-chaut.com\/wp-content\/uploads\/2017\/07\/collier-rectangle-ceramique-rouge-claire-hecquet-chaut.jpg","contentUrl":"https:\/\/claire-hecquet-chaut.com\/wp-content\/uploads\/2017\/07\/collier-rectangle-ceramique-rouge-claire-hecquet-chaut.jpg","width":575,"height":765,"caption":"Yvonne rectangle ceramic necklace by Claire Hecquet-Chaut"},{"@type":"BreadcrumbList","@id":"https:\/\/claire-hecquet-chaut.com\/en\/shop\/yvonne-rectangle-necklace\/#breadcrumb","itemListElement":[{"@type":"ListItem","position":1,"name":"Accueil","item":"https:\/\/claire-hecquet-chaut.com\/en\/"},{"@type":"ListItem","position":2,"name":"Produits","item":"https:\/\/claire-hecquet-chaut.com\/boutique\/"},{"@type":"ListItem","position":3,"name":"Ceramic Necklaces","item":"https:\/\/claire-hecquet-chaut.com\/en\/categorie\/ceramic-necklaces\/"},{"@type":"ListItem","position":4,"name":"Yvonne rectangle necklace"}]},{"@type":"WebSite","@id":"https:\/\/claire-hecquet-chaut.com\/#website","url":"https:\/\/claire-hecquet-chaut.com\/","name":"Bijoux c\u00e9ramique Claire Hecquet-Chaut","description":"Cr\u00e9ateur de bijoux en c\u00e9ramique depuis 1992","publisher":{"@id":"https:\/\/claire-hecquet-chaut.com\/#organization"},"potentialAction":[{"@type":"SearchAction","target":{"@type":"EntryPoint","urlTemplate":"https:\/\/claire-hecquet-chaut.com\/?s={search_term_string}"},"query-input":{"@type":"PropertyValueSpecification","valueRequired":true,"valueName":"search_term_string"}}],"inLanguage":"en-US"},{"@type":"Organization","@id":"https:\/\/claire-hecquet-chaut.com\/#organization","name":"Bijoux c\u00e9ramique Claire Hecquet-Chaut","url":"https:\/\/claire-hecquet-chaut.com\/","logo":{"@type":"ImageObject","inLanguage":"en-US","@id":"https:\/\/claire-hecquet-chaut.com\/#\/schema\/logo\/image\/","url":"https:\/\/claire-hecquet-chaut.com\/wp-content\/uploads\/2017\/08\/lclaire-hecquet-chaut-bijoux-ceramique-france-logo.png","contentUrl":"https:\/\/claire-hecquet-chaut.com\/wp-content\/uploads\/2017\/08\/lclaire-hecquet-chaut-bijoux-ceramique-france-logo.png","width":166,"height":166,"caption":"Bijoux c\u00e9ramique Claire Hecquet-Chaut"},"image":{"@id":"https:\/\/claire-hecquet-chaut.com\/#\/schema\/logo\/image\/"},"sameAs":["https:\/\/www.facebook.com\/claire.hecquetchaut","https:\/\/x.com\/c_hecquetchaut","https:\/\/www.instagram.com\/clairehecquetchaut\/"]}]}},"_links":{"self":[{"href":"https:\/\/claire-hecquet-chaut.com\/en\/wp-json\/wp\/v2\/product\/836","targetHints":{"allow":["GET"]}}],"collection":[{"href":"https:\/\/claire-hecquet-chaut.com\/en\/wp-json\/wp\/v2\/product"}],"about":[{"href":"https:\/\/claire-hecquet-chaut.com\/en\/wp-json\/wp\/v2\/types\/product"}],"wp:featuredmedia":[{"embeddable":true,"href":"https:\/\/claire-hecquet-chaut.com\/en\/wp-json\/wp\/v2\/media\/224"}],"wp:attachment":[{"href":"https:\/\/claire-hecquet-chaut.com\/en\/wp-json\/wp\/v2\/media?parent=836"}],"wp:term":[{"taxonomy":"product_brand","embeddable":true,"href":"https:\/\/claire-hecquet-chaut.com\/en\/wp-json\/wp\/v2\/product_brand?post=836"},{"taxonomy":"product_cat","embeddable":true,"href":"https:\/\/claire-hecquet-chaut.com\/en\/wp-json\/wp\/v2\/product_cat?post=836"},{"taxonomy":"product_tag","embeddable":true,"href":"https:\/\/claire-hecquet-chaut.com\/en\/wp-json\/wp\/v2\/product_tag?post=836"}],"curies":[{"name":"wp","href":"https:\/\/api.w.org\/{rel}","templated":true}]}}