{"id":806,"date":"2017-08-20T11:46:31","date_gmt":"2017-06-11T09:46:31","guid":{"rendered":"https:\/\/claire-hecquet-chaut.com\/boutique\/drapery-earrings\/"},"modified":"2017-09-01T13:31:26","modified_gmt":"2017-09-01T11:31:26","slug":"drapery-earrings","status":"publish","type":"product","link":"https:\/\/claire-hecquet-chaut.com\/en\/shop\/drapery-earrings\/","title":{"rendered":"Drapery earrings"},"content":{"rendered":"<h2>XL earrings<\/h2>\n<p><em>Drapery earrings are maxi fluid earrings made of a meticulous pendant set. Some unique earrings rather voluminous, made to be shown. <\/em><\/p>\n<p><em>To be selected in a night palette (white or platinium or coral red), or in more intense tones (turquoise, emerald) or\u00a0<\/em><i>faded ones (celadon).<\/i><\/p>\n<p>Personalized colors can be ordered on demand. A clip can also be adapted on order.<\/p>\n<p>Lenght : from 8,5 to 10 cm<\/p>\n<p>Delivery : from 3 days to 4 weeks, depending on the stock.<\/p>\n<h2>A noble material for a made in France creation.<\/h2>\n<p>Drapery earrings \u00a0are carefully made in France by the designer in an authentic crafmanship.<\/p>\n<p>This creation requires \u00a0several meticulous making step, shaping, sanding, drying, first firing,\u00a0enameling \u00a0second firing, if necessary third low firing and assembly.<\/p>\n<p>Irregular\u00a0aspect bringing \u00a0poetry and soul.<\/p>\n","protected":false},"excerpt":{"rendered":"<p>Weaving- like drop set<\/p>\n","protected":false},"featured_media":4269,"template":"","meta":{"_acf_changed":false},"product_brand":[],"product_cat":[55],"product_tag":[],"class_list":{"0":"post-806","1":"product","2":"type-product","3":"status-publish","4":"has-post-thumbnail","6":"product_cat-earrings","8":"first","9":"instock","10":"taxable","11":"shipping-taxable","12":"purchasable","13":"product-type-simple"},"acf":[],"yoast_head":"<!-- This site is optimized with the Yoast SEO plugin v27.3 - https:\/\/yoast.com\/product\/yoast-seo-wordpress\/ -->\n<title>Maxi ceramic earrings made in France by Claire Hecquet-Chaut<\/title>\n<meta name=\"description\" content=\"Drapery earrings are Maxi earrings made of a set of ceramic drops\" \/>\n<meta name=\"robots\" content=\"index, follow, max-snippet:-1, max-image-preview:large, max-video-preview:-1\" \/>\n<link rel=\"canonical\" href=\"https:\/\/claire-hecquet-chaut.com\/en\/shop\/drapery-earrings\/\" \/>\n<meta property=\"og:locale\" content=\"en_US\" \/>\n<meta property=\"og:type\" content=\"article\" \/>\n<meta property=\"og:title\" content=\"Maxi ceramic earrings made in France by Claire Hecquet-Chaut\" \/>\n<meta property=\"og:description\" content=\"Drapery earrings are Maxi earrings made of a set of ceramic drops\" \/>\n<meta property=\"og:url\" content=\"https:\/\/claire-hecquet-chaut.com\/en\/shop\/drapery-earrings\/\" \/>\n<meta property=\"og:site_name\" content=\"Bijoux c\u00e9ramique Claire Hecquet-Chaut\" \/>\n<meta property=\"article:publisher\" content=\"https:\/\/www.facebook.com\/claire.hecquetchaut\" \/>\n<meta property=\"article:modified_time\" content=\"2017-09-01T11:31:26+00:00\" \/>\n<meta property=\"og:image\" content=\"https:\/\/claire-hecquet-chaut.com\/wp-content\/uploads\/2017\/06\/boucles-oreilles-ceramique-gouttes-grappe-verte.jpg\" \/>\n\t<meta property=\"og:image:width\" content=\"559\" \/>\n\t<meta property=\"og:image:height\" content=\"744\" \/>\n\t<meta property=\"og:image:type\" content=\"image\/jpeg\" \/>\n<meta name=\"twitter:card\" content=\"summary_large_image\" \/>\n<meta name=\"twitter:site\" content=\"@c_hecquetchaut\" \/>\n<meta name=\"twitter:label1\" content=\"Est. reading time\" \/>\n\t<meta name=\"twitter:data1\" content=\"1 minute\" \/>\n<script type=\"application\/ld+json\" class=\"yoast-schema-graph\">{\"@context\":\"https:\\\/\\\/schema.org\",\"@graph\":[{\"@type\":\"WebPage\",\"@id\":\"https:\\\/\\\/claire-hecquet-chaut.com\\\/en\\\/shop\\\/drapery-earrings\\\/\",\"url\":\"https:\\\/\\\/claire-hecquet-chaut.com\\\/en\\\/shop\\\/drapery-earrings\\\/\",\"name\":\"Maxi ceramic earrings made in France by Claire Hecquet-Chaut\",\"isPartOf\":{\"@id\":\"https:\\\/\\\/claire-hecquet-chaut.com\\\/#website\"},\"primaryImageOfPage\":{\"@id\":\"https:\\\/\\\/claire-hecquet-chaut.com\\\/en\\\/shop\\\/drapery-earrings\\\/#primaryimage\"},\"image\":{\"@id\":\"https:\\\/\\\/claire-hecquet-chaut.com\\\/en\\\/shop\\\/drapery-earrings\\\/#primaryimage\"},\"thumbnailUrl\":\"https:\\\/\\\/claire-hecquet-chaut.com\\\/wp-content\\\/uploads\\\/2017\\\/08\\\/Boucles-doreilles-drapees-noires.jpg\",\"datePublished\":\"2017-06-11T09:46:31+00:00\",\"dateModified\":\"2017-09-01T11:31:26+00:00\",\"description\":\"Drapery earrings are Maxi earrings made of a set of ceramic drops\",\"breadcrumb\":{\"@id\":\"https:\\\/\\\/claire-hecquet-chaut.com\\\/en\\\/shop\\\/drapery-earrings\\\/#breadcrumb\"},\"inLanguage\":\"en-US\",\"potentialAction\":[{\"@type\":\"ReadAction\",\"target\":[\"https:\\\/\\\/claire-hecquet-chaut.com\\\/en\\\/shop\\\/drapery-earrings\\\/\"]}]},{\"@type\":\"ImageObject\",\"inLanguage\":\"en-US\",\"@id\":\"https:\\\/\\\/claire-hecquet-chaut.com\\\/en\\\/shop\\\/drapery-earrings\\\/#primaryimage\",\"url\":\"https:\\\/\\\/claire-hecquet-chaut.com\\\/wp-content\\\/uploads\\\/2017\\\/08\\\/Boucles-doreilles-drapees-noires.jpg\",\"contentUrl\":\"https:\\\/\\\/claire-hecquet-chaut.com\\\/wp-content\\\/uploads\\\/2017\\\/08\\\/Boucles-doreilles-drapees-noires.jpg\",\"width\":800,\"height\":1000,\"caption\":\"Boucles d'oreilles Drap\u00e9es form\u00e9es de 15 pampilles mont\u00e9es en losange en c\u00e9ramique noire\"},{\"@type\":\"BreadcrumbList\",\"@id\":\"https:\\\/\\\/claire-hecquet-chaut.com\\\/en\\\/shop\\\/drapery-earrings\\\/#breadcrumb\",\"itemListElement\":[{\"@type\":\"ListItem\",\"position\":1,\"name\":\"Accueil\",\"item\":\"https:\\\/\\\/claire-hecquet-chaut.com\\\/en\\\/\"},{\"@type\":\"ListItem\",\"position\":2,\"name\":\"Produits\",\"item\":\"https:\\\/\\\/claire-hecquet-chaut.com\\\/boutique\\\/\"},{\"@type\":\"ListItem\",\"position\":3,\"name\":\"Boucles d'oreilles\",\"item\":\"https:\\\/\\\/claire-hecquet-chaut.com\\\/categorie\\\/boucles-doreilles\\\/\"},{\"@type\":\"ListItem\",\"position\":4,\"name\":\"Drapery earrings\"}]},{\"@type\":\"WebSite\",\"@id\":\"https:\\\/\\\/claire-hecquet-chaut.com\\\/#website\",\"url\":\"https:\\\/\\\/claire-hecquet-chaut.com\\\/\",\"name\":\"Bijoux c\u00e9ramique Claire Hecquet-Chaut\",\"description\":\"Cr\u00e9ateur de bijoux en c\u00e9ramique depuis 1992\",\"publisher\":{\"@id\":\"https:\\\/\\\/claire-hecquet-chaut.com\\\/#organization\"},\"potentialAction\":[{\"@type\":\"SearchAction\",\"target\":{\"@type\":\"EntryPoint\",\"urlTemplate\":\"https:\\\/\\\/claire-hecquet-chaut.com\\\/?s={search_term_string}\"},\"query-input\":{\"@type\":\"PropertyValueSpecification\",\"valueRequired\":true,\"valueName\":\"search_term_string\"}}],\"inLanguage\":\"en-US\"},{\"@type\":\"Organization\",\"@id\":\"https:\\\/\\\/claire-hecquet-chaut.com\\\/#organization\",\"name\":\"Bijoux c\u00e9ramique Claire Hecquet-Chaut\",\"url\":\"https:\\\/\\\/claire-hecquet-chaut.com\\\/\",\"logo\":{\"@type\":\"ImageObject\",\"inLanguage\":\"en-US\",\"@id\":\"https:\\\/\\\/claire-hecquet-chaut.com\\\/#\\\/schema\\\/logo\\\/image\\\/\",\"url\":\"https:\\\/\\\/claire-hecquet-chaut.com\\\/wp-content\\\/uploads\\\/2017\\\/08\\\/lclaire-hecquet-chaut-bijoux-ceramique-france-logo.png\",\"contentUrl\":\"https:\\\/\\\/claire-hecquet-chaut.com\\\/wp-content\\\/uploads\\\/2017\\\/08\\\/lclaire-hecquet-chaut-bijoux-ceramique-france-logo.png\",\"width\":166,\"height\":166,\"caption\":\"Bijoux c\u00e9ramique Claire Hecquet-Chaut\"},\"image\":{\"@id\":\"https:\\\/\\\/claire-hecquet-chaut.com\\\/#\\\/schema\\\/logo\\\/image\\\/\"},\"sameAs\":[\"https:\\\/\\\/www.facebook.com\\\/claire.hecquetchaut\",\"https:\\\/\\\/x.com\\\/c_hecquetchaut\",\"https:\\\/\\\/www.instagram.com\\\/clairehecquetchaut\\\/\"]}]}<\/script>\n<!-- \/ Yoast SEO plugin. -->","yoast_head_json":{"title":"Maxi ceramic earrings made in France by Claire Hecquet-Chaut","description":"Drapery earrings are Maxi earrings made of a set of ceramic drops","robots":{"index":"index","follow":"follow","max-snippet":"max-snippet:-1","max-image-preview":"max-image-preview:large","max-video-preview":"max-video-preview:-1"},"canonical":"https:\/\/claire-hecquet-chaut.com\/en\/shop\/drapery-earrings\/","og_locale":"en_US","og_type":"article","og_title":"Maxi ceramic earrings made in France by Claire Hecquet-Chaut","og_description":"Drapery earrings are Maxi earrings made of a set of ceramic drops","og_url":"https:\/\/claire-hecquet-chaut.com\/en\/shop\/drapery-earrings\/","og_site_name":"Bijoux c\u00e9ramique Claire Hecquet-Chaut","article_publisher":"https:\/\/www.facebook.com\/claire.hecquetchaut","article_modified_time":"2017-09-01T11:31:26+00:00","og_image":[{"width":559,"height":744,"url":"https:\/\/claire-hecquet-chaut.com\/wp-content\/uploads\/2017\/06\/boucles-oreilles-ceramique-gouttes-grappe-verte.jpg","type":"image\/jpeg"}],"twitter_card":"summary_large_image","twitter_site":"@c_hecquetchaut","twitter_misc":{"Est. reading time":"1 minute"},"schema":{"@context":"https:\/\/schema.org","@graph":[{"@type":"WebPage","@id":"https:\/\/claire-hecquet-chaut.com\/en\/shop\/drapery-earrings\/","url":"https:\/\/claire-hecquet-chaut.com\/en\/shop\/drapery-earrings\/","name":"Maxi ceramic earrings made in France by Claire Hecquet-Chaut","isPartOf":{"@id":"https:\/\/claire-hecquet-chaut.com\/#website"},"primaryImageOfPage":{"@id":"https:\/\/claire-hecquet-chaut.com\/en\/shop\/drapery-earrings\/#primaryimage"},"image":{"@id":"https:\/\/claire-hecquet-chaut.com\/en\/shop\/drapery-earrings\/#primaryimage"},"thumbnailUrl":"https:\/\/claire-hecquet-chaut.com\/wp-content\/uploads\/2017\/08\/Boucles-doreilles-drapees-noires.jpg","datePublished":"2017-06-11T09:46:31+00:00","dateModified":"2017-09-01T11:31:26+00:00","description":"Drapery earrings are Maxi earrings made of a set of ceramic drops","breadcrumb":{"@id":"https:\/\/claire-hecquet-chaut.com\/en\/shop\/drapery-earrings\/#breadcrumb"},"inLanguage":"en-US","potentialAction":[{"@type":"ReadAction","target":["https:\/\/claire-hecquet-chaut.com\/en\/shop\/drapery-earrings\/"]}]},{"@type":"ImageObject","inLanguage":"en-US","@id":"https:\/\/claire-hecquet-chaut.com\/en\/shop\/drapery-earrings\/#primaryimage","url":"https:\/\/claire-hecquet-chaut.com\/wp-content\/uploads\/2017\/08\/Boucles-doreilles-drapees-noires.jpg","contentUrl":"https:\/\/claire-hecquet-chaut.com\/wp-content\/uploads\/2017\/08\/Boucles-doreilles-drapees-noires.jpg","width":800,"height":1000,"caption":"Boucles d'oreilles Drap\u00e9es form\u00e9es de 15 pampilles mont\u00e9es en losange en c\u00e9ramique noire"},{"@type":"BreadcrumbList","@id":"https:\/\/claire-hecquet-chaut.com\/en\/shop\/drapery-earrings\/#breadcrumb","itemListElement":[{"@type":"ListItem","position":1,"name":"Accueil","item":"https:\/\/claire-hecquet-chaut.com\/en\/"},{"@type":"ListItem","position":2,"name":"Produits","item":"https:\/\/claire-hecquet-chaut.com\/boutique\/"},{"@type":"ListItem","position":3,"name":"Boucles d'oreilles","item":"https:\/\/claire-hecquet-chaut.com\/categorie\/boucles-doreilles\/"},{"@type":"ListItem","position":4,"name":"Drapery earrings"}]},{"@type":"WebSite","@id":"https:\/\/claire-hecquet-chaut.com\/#website","url":"https:\/\/claire-hecquet-chaut.com\/","name":"Bijoux c\u00e9ramique Claire Hecquet-Chaut","description":"Cr\u00e9ateur de bijoux en c\u00e9ramique depuis 1992","publisher":{"@id":"https:\/\/claire-hecquet-chaut.com\/#organization"},"potentialAction":[{"@type":"SearchAction","target":{"@type":"EntryPoint","urlTemplate":"https:\/\/claire-hecquet-chaut.com\/?s={search_term_string}"},"query-input":{"@type":"PropertyValueSpecification","valueRequired":true,"valueName":"search_term_string"}}],"inLanguage":"en-US"},{"@type":"Organization","@id":"https:\/\/claire-hecquet-chaut.com\/#organization","name":"Bijoux c\u00e9ramique Claire Hecquet-Chaut","url":"https:\/\/claire-hecquet-chaut.com\/","logo":{"@type":"ImageObject","inLanguage":"en-US","@id":"https:\/\/claire-hecquet-chaut.com\/#\/schema\/logo\/image\/","url":"https:\/\/claire-hecquet-chaut.com\/wp-content\/uploads\/2017\/08\/lclaire-hecquet-chaut-bijoux-ceramique-france-logo.png","contentUrl":"https:\/\/claire-hecquet-chaut.com\/wp-content\/uploads\/2017\/08\/lclaire-hecquet-chaut-bijoux-ceramique-france-logo.png","width":166,"height":166,"caption":"Bijoux c\u00e9ramique Claire Hecquet-Chaut"},"image":{"@id":"https:\/\/claire-hecquet-chaut.com\/#\/schema\/logo\/image\/"},"sameAs":["https:\/\/www.facebook.com\/claire.hecquetchaut","https:\/\/x.com\/c_hecquetchaut","https:\/\/www.instagram.com\/clairehecquetchaut\/"]}]}},"_links":{"self":[{"href":"https:\/\/claire-hecquet-chaut.com\/en\/wp-json\/wp\/v2\/product\/806","targetHints":{"allow":["GET"]}}],"collection":[{"href":"https:\/\/claire-hecquet-chaut.com\/en\/wp-json\/wp\/v2\/product"}],"about":[{"href":"https:\/\/claire-hecquet-chaut.com\/en\/wp-json\/wp\/v2\/types\/product"}],"wp:featuredmedia":[{"embeddable":true,"href":"https:\/\/claire-hecquet-chaut.com\/en\/wp-json\/wp\/v2\/media\/4269"}],"wp:attachment":[{"href":"https:\/\/claire-hecquet-chaut.com\/en\/wp-json\/wp\/v2\/media?parent=806"}],"wp:term":[{"taxonomy":"product_brand","embeddable":true,"href":"https:\/\/claire-hecquet-chaut.com\/en\/wp-json\/wp\/v2\/product_brand?post=806"},{"taxonomy":"product_cat","embeddable":true,"href":"https:\/\/claire-hecquet-chaut.com\/en\/wp-json\/wp\/v2\/product_cat?post=806"},{"taxonomy":"product_tag","embeddable":true,"href":"https:\/\/claire-hecquet-chaut.com\/en\/wp-json\/wp\/v2\/product_tag?post=806"}],"curies":[{"name":"wp","href":"https:\/\/api.w.org\/{rel}","templated":true}]}}