{"id":805,"date":"2017-08-24T21:23:00","date_gmt":"2017-07-23T19:23:00","guid":{"rendered":"https:\/\/claire-hecquet-chaut.com\/boutique\/marie-soleil-crew-necklace\/"},"modified":"2026-02-13T20:11:22","modified_gmt":"2026-02-13T19:11:22","slug":"marie-soleil-crew-necklace","status":"publish","type":"product","link":"https:\/\/claire-hecquet-chaut.com\/en\/shop\/marie-soleil-crew-necklace\/","title":{"rendered":"Marie-Soleil crew necklace"},"content":{"rendered":"<h2>Marie Soleil, an original crew neck lace.<\/h2>\n<p>The Marie-Soleil necklace is a truly <strong>unique piece<\/strong> of jewelry. It consists of <strong>two strands<\/strong> of delicate, <strong>hand-crafted<\/strong> ceramic diamonds (beads approximately 1 cm high). Each diamond is delicately attached to another diamond on the upper strand and in the same way on the lower strand. The Marie Soleil necklace is like a string of beads formed from two rows of diamonds. The lightness of its diamond-shaped beads allows it to follow the curves of the bust perfectly and beautifully.<\/p>\n<p>It&#8217;s the perfect choker to <strong>adorn your neckline<\/strong>. It&#8217;s ideal for accessorizing a low-cut summer top, or for adding a touch of elegance to skin that&#8217;s not yet tanned or looking a little tired. The Marie Soleil necklace is both discreet and distinctive. It&#8217;s a sunny and cheerful piece of jewelry, <strong>very easy to wear<\/strong>.<\/p>\n<p>Note its larger sibling, the Marie Soleil Giant, which is available with bigger diamonds for a truly exceptional piece reserved for formal or evening wear.<\/p>\n<h2>A necklace bursting with color<\/h2>\n<p>This choker can be ordered in <strong>two-tone versions<\/strong>:<\/p>\n<p>Depending on the enamel colors chosen, it will be cheerful and vibrant. For example, in contrasting and vivid tones (blue enamel + orange-pink enamel&#8230;). It can also be given a delicate touch in softer, <strong>more romantic tones<\/strong> by combining pale colors of the same shade (for example: white enamel + pale yellow&#8230;). It can also be ordered in <strong>more sophisticated<\/strong> tones or bolder contrasts for evening wear. For example, in black enamel + platinum or burgundy\/navy&#8230;<\/p>\n<p>As a second option, the Marie Soleil choker can also be ordered in<strong> monochrome<\/strong>. This means two rows of the same color for a more graphic impact. The overall feel will vary depending on the color combination. For example, a necklace in monochrome white enamel or linen enamel on tanned skin with a white cotton outfit will create a very chic and relaxed look. The same choker in all khaki enamel will create a more distinctive and urban silhouette.<\/p>\n<h2>Custom Necklaces<\/h2>\n<p>In addition to the official color range, it is possible to order custom-made pieces in various colors (to match an outfit, for example) by providing a RAL or Pantone color code, or unique color combinations (for example, multicolored).<\/p>\n<h2>A piece of luxury craftsmanship made in France<\/h2>\n<p>The Marie-Soleil choker is entirely enameled and <strong>handcrafted in France by ceramicist Claire Hecquet-Chaut<\/strong>, using traditional methods.<\/p>\n<p>Each bead of the necklace is made of fine ceramic and undergoes eight meticulous steps: shaping, sanding, drying, low-temperature firing (1050 degrees Celsius), then glazing, enamel firing (990 degrees Celsius), overglazing, and finally, assembly. Furthermore, the metal findings are prepared by a nickel-free foundry and gilder in France.<\/p>\n<p>Each necklace is slightly different from the others, as it is handmade. This results in a subtly irregular appearance that embodies the soul and poetry of this handcrafted work.<\/p>\n<p>Length: Approximately 47 cm.<\/p>\n<p>Production time: Between 7 days and 4 weeks, depending on availability.<\/p>\n","protected":false},"excerpt":{"rendered":"<p><em>Mini rhombus neck lace<\/em><\/p>\n","protected":false},"featured_media":818,"template":"","meta":{"_acf_changed":false},"product_brand":[],"product_cat":[54],"product_tag":[],"class_list":{"0":"post-805","1":"product","2":"type-product","3":"status-publish","4":"has-post-thumbnail","6":"product_cat-ceramic-necklaces","8":"first","9":"instock","10":"taxable","11":"shipping-taxable","12":"purchasable","13":"product-type-simple"},"acf":[],"yoast_head":"<!-- This site is optimized with the Yoast SEO plugin v27.3 - https:\/\/yoast.com\/product\/yoast-seo-wordpress\/ -->\n<title>Marie-Soleil crew necklace-Claire Hecquet-Chaut ceramic jewelry<\/title>\n<meta name=\"description\" content=\"Bi-colored ceramic diamond shape crew necklace hand-made in France\" \/>\n<meta name=\"robots\" content=\"index, follow, max-snippet:-1, max-image-preview:large, max-video-preview:-1\" \/>\n<link rel=\"canonical\" href=\"https:\/\/claire-hecquet-chaut.com\/en\/shop\/marie-soleil-crew-necklace\/\" \/>\n<meta property=\"og:locale\" content=\"en_US\" \/>\n<meta property=\"og:type\" content=\"article\" \/>\n<meta property=\"og:title\" content=\"Marie-Soleil crew necklace-Claire Hecquet-Chaut ceramic jewelry\" \/>\n<meta property=\"og:description\" content=\"Bi-colored ceramic diamond shape crew necklace hand-made in France\" \/>\n<meta property=\"og:url\" content=\"https:\/\/claire-hecquet-chaut.com\/en\/shop\/marie-soleil-crew-necklace\/\" \/>\n<meta property=\"og:site_name\" content=\"Bijoux c\u00e9ramique Claire Hecquet-Chaut\" \/>\n<meta property=\"article:publisher\" content=\"https:\/\/www.facebook.com\/claire.hecquetchaut\" \/>\n<meta property=\"article:modified_time\" content=\"2026-02-13T19:11:22+00:00\" \/>\n<meta property=\"og:image\" content=\"https:\/\/claire-hecquet-chaut.com\/wp-content\/uploads\/2017\/07\/collier-losange-porter2.jpg\" \/>\n\t<meta property=\"og:image:width\" content=\"768\" \/>\n\t<meta property=\"og:image:height\" content=\"1024\" \/>\n\t<meta property=\"og:image:type\" content=\"image\/jpeg\" \/>\n<meta name=\"twitter:card\" content=\"summary_large_image\" \/>\n<meta name=\"twitter:site\" content=\"@c_hecquetchaut\" \/>\n<meta name=\"twitter:label1\" content=\"Est. reading time\" \/>\n\t<meta name=\"twitter:data1\" content=\"2 minutes\" \/>\n<script type=\"application\/ld+json\" class=\"yoast-schema-graph\">{\"@context\":\"https:\\\/\\\/schema.org\",\"@graph\":[{\"@type\":\"WebPage\",\"@id\":\"https:\\\/\\\/claire-hecquet-chaut.com\\\/en\\\/shop\\\/marie-soleil-crew-necklace\\\/\",\"url\":\"https:\\\/\\\/claire-hecquet-chaut.com\\\/en\\\/shop\\\/marie-soleil-crew-necklace\\\/\",\"name\":\"Marie-Soleil crew necklace-Claire Hecquet-Chaut ceramic jewelry\",\"isPartOf\":{\"@id\":\"https:\\\/\\\/claire-hecquet-chaut.com\\\/#website\"},\"primaryImageOfPage\":{\"@id\":\"https:\\\/\\\/claire-hecquet-chaut.com\\\/en\\\/shop\\\/marie-soleil-crew-necklace\\\/#primaryimage\"},\"image\":{\"@id\":\"https:\\\/\\\/claire-hecquet-chaut.com\\\/en\\\/shop\\\/marie-soleil-crew-necklace\\\/#primaryimage\"},\"thumbnailUrl\":\"https:\\\/\\\/claire-hecquet-chaut.com\\\/wp-content\\\/uploads\\\/2017\\\/07\\\/collier-losange-porter2.jpg\",\"datePublished\":\"2017-07-23T19:23:00+00:00\",\"dateModified\":\"2026-02-13T19:11:22+00:00\",\"description\":\"Bi-colored ceramic diamond shape crew necklace hand-made in France\",\"breadcrumb\":{\"@id\":\"https:\\\/\\\/claire-hecquet-chaut.com\\\/en\\\/shop\\\/marie-soleil-crew-necklace\\\/#breadcrumb\"},\"inLanguage\":\"en-US\",\"potentialAction\":[{\"@type\":\"ReadAction\",\"target\":[\"https:\\\/\\\/claire-hecquet-chaut.com\\\/en\\\/shop\\\/marie-soleil-crew-necklace\\\/\"]}]},{\"@type\":\"ImageObject\",\"inLanguage\":\"en-US\",\"@id\":\"https:\\\/\\\/claire-hecquet-chaut.com\\\/en\\\/shop\\\/marie-soleil-crew-necklace\\\/#primaryimage\",\"url\":\"https:\\\/\\\/claire-hecquet-chaut.com\\\/wp-content\\\/uploads\\\/2017\\\/07\\\/collier-losange-porter2.jpg\",\"contentUrl\":\"https:\\\/\\\/claire-hecquet-chaut.com\\\/wp-content\\\/uploads\\\/2017\\\/07\\\/collier-losange-porter2.jpg\",\"width\":768,\"height\":1024,\"caption\":\"colored ceramic diamond shape crew necklace made in France\"},{\"@type\":\"BreadcrumbList\",\"@id\":\"https:\\\/\\\/claire-hecquet-chaut.com\\\/en\\\/shop\\\/marie-soleil-crew-necklace\\\/#breadcrumb\",\"itemListElement\":[{\"@type\":\"ListItem\",\"position\":1,\"name\":\"Accueil\",\"item\":\"https:\\\/\\\/claire-hecquet-chaut.com\\\/en\\\/\"},{\"@type\":\"ListItem\",\"position\":2,\"name\":\"Produits\",\"item\":\"https:\\\/\\\/claire-hecquet-chaut.com\\\/boutique\\\/\"},{\"@type\":\"ListItem\",\"position\":3,\"name\":\"Colliers courts et mi-longs\",\"item\":\"https:\\\/\\\/claire-hecquet-chaut.com\\\/categorie\\\/colliers-courts-mi-longs\\\/\"},{\"@type\":\"ListItem\",\"position\":4,\"name\":\"Marie-Soleil crew necklace\"}]},{\"@type\":\"WebSite\",\"@id\":\"https:\\\/\\\/claire-hecquet-chaut.com\\\/#website\",\"url\":\"https:\\\/\\\/claire-hecquet-chaut.com\\\/\",\"name\":\"Bijoux c\u00e9ramique Claire Hecquet-Chaut\",\"description\":\"Cr\u00e9ateur de bijoux en c\u00e9ramique depuis 1992\",\"publisher\":{\"@id\":\"https:\\\/\\\/claire-hecquet-chaut.com\\\/#organization\"},\"potentialAction\":[{\"@type\":\"SearchAction\",\"target\":{\"@type\":\"EntryPoint\",\"urlTemplate\":\"https:\\\/\\\/claire-hecquet-chaut.com\\\/?s={search_term_string}\"},\"query-input\":{\"@type\":\"PropertyValueSpecification\",\"valueRequired\":true,\"valueName\":\"search_term_string\"}}],\"inLanguage\":\"en-US\"},{\"@type\":\"Organization\",\"@id\":\"https:\\\/\\\/claire-hecquet-chaut.com\\\/#organization\",\"name\":\"Bijoux c\u00e9ramique Claire Hecquet-Chaut\",\"url\":\"https:\\\/\\\/claire-hecquet-chaut.com\\\/\",\"logo\":{\"@type\":\"ImageObject\",\"inLanguage\":\"en-US\",\"@id\":\"https:\\\/\\\/claire-hecquet-chaut.com\\\/#\\\/schema\\\/logo\\\/image\\\/\",\"url\":\"https:\\\/\\\/claire-hecquet-chaut.com\\\/wp-content\\\/uploads\\\/2017\\\/08\\\/lclaire-hecquet-chaut-bijoux-ceramique-france-logo.png\",\"contentUrl\":\"https:\\\/\\\/claire-hecquet-chaut.com\\\/wp-content\\\/uploads\\\/2017\\\/08\\\/lclaire-hecquet-chaut-bijoux-ceramique-france-logo.png\",\"width\":166,\"height\":166,\"caption\":\"Bijoux c\u00e9ramique Claire Hecquet-Chaut\"},\"image\":{\"@id\":\"https:\\\/\\\/claire-hecquet-chaut.com\\\/#\\\/schema\\\/logo\\\/image\\\/\"},\"sameAs\":[\"https:\\\/\\\/www.facebook.com\\\/claire.hecquetchaut\",\"https:\\\/\\\/x.com\\\/c_hecquetchaut\",\"https:\\\/\\\/www.instagram.com\\\/clairehecquetchaut\\\/\"]}]}<\/script>\n<!-- \/ Yoast SEO plugin. -->","yoast_head_json":{"title":"Marie-Soleil crew necklace-Claire Hecquet-Chaut ceramic jewelry","description":"Bi-colored ceramic diamond shape crew necklace hand-made in France","robots":{"index":"index","follow":"follow","max-snippet":"max-snippet:-1","max-image-preview":"max-image-preview:large","max-video-preview":"max-video-preview:-1"},"canonical":"https:\/\/claire-hecquet-chaut.com\/en\/shop\/marie-soleil-crew-necklace\/","og_locale":"en_US","og_type":"article","og_title":"Marie-Soleil crew necklace-Claire Hecquet-Chaut ceramic jewelry","og_description":"Bi-colored ceramic diamond shape crew necklace hand-made in France","og_url":"https:\/\/claire-hecquet-chaut.com\/en\/shop\/marie-soleil-crew-necklace\/","og_site_name":"Bijoux c\u00e9ramique Claire Hecquet-Chaut","article_publisher":"https:\/\/www.facebook.com\/claire.hecquetchaut","article_modified_time":"2026-02-13T19:11:22+00:00","og_image":[{"width":768,"height":1024,"url":"https:\/\/claire-hecquet-chaut.com\/wp-content\/uploads\/2017\/07\/collier-losange-porter2.jpg","type":"image\/jpeg"}],"twitter_card":"summary_large_image","twitter_site":"@c_hecquetchaut","twitter_misc":{"Est. reading time":"2 minutes"},"schema":{"@context":"https:\/\/schema.org","@graph":[{"@type":"WebPage","@id":"https:\/\/claire-hecquet-chaut.com\/en\/shop\/marie-soleil-crew-necklace\/","url":"https:\/\/claire-hecquet-chaut.com\/en\/shop\/marie-soleil-crew-necklace\/","name":"Marie-Soleil crew necklace-Claire Hecquet-Chaut ceramic jewelry","isPartOf":{"@id":"https:\/\/claire-hecquet-chaut.com\/#website"},"primaryImageOfPage":{"@id":"https:\/\/claire-hecquet-chaut.com\/en\/shop\/marie-soleil-crew-necklace\/#primaryimage"},"image":{"@id":"https:\/\/claire-hecquet-chaut.com\/en\/shop\/marie-soleil-crew-necklace\/#primaryimage"},"thumbnailUrl":"https:\/\/claire-hecquet-chaut.com\/wp-content\/uploads\/2017\/07\/collier-losange-porter2.jpg","datePublished":"2017-07-23T19:23:00+00:00","dateModified":"2026-02-13T19:11:22+00:00","description":"Bi-colored ceramic diamond shape crew necklace hand-made in France","breadcrumb":{"@id":"https:\/\/claire-hecquet-chaut.com\/en\/shop\/marie-soleil-crew-necklace\/#breadcrumb"},"inLanguage":"en-US","potentialAction":[{"@type":"ReadAction","target":["https:\/\/claire-hecquet-chaut.com\/en\/shop\/marie-soleil-crew-necklace\/"]}]},{"@type":"ImageObject","inLanguage":"en-US","@id":"https:\/\/claire-hecquet-chaut.com\/en\/shop\/marie-soleil-crew-necklace\/#primaryimage","url":"https:\/\/claire-hecquet-chaut.com\/wp-content\/uploads\/2017\/07\/collier-losange-porter2.jpg","contentUrl":"https:\/\/claire-hecquet-chaut.com\/wp-content\/uploads\/2017\/07\/collier-losange-porter2.jpg","width":768,"height":1024,"caption":"colored ceramic diamond shape crew necklace made in France"},{"@type":"BreadcrumbList","@id":"https:\/\/claire-hecquet-chaut.com\/en\/shop\/marie-soleil-crew-necklace\/#breadcrumb","itemListElement":[{"@type":"ListItem","position":1,"name":"Accueil","item":"https:\/\/claire-hecquet-chaut.com\/en\/"},{"@type":"ListItem","position":2,"name":"Produits","item":"https:\/\/claire-hecquet-chaut.com\/boutique\/"},{"@type":"ListItem","position":3,"name":"Colliers courts et mi-longs","item":"https:\/\/claire-hecquet-chaut.com\/categorie\/colliers-courts-mi-longs\/"},{"@type":"ListItem","position":4,"name":"Marie-Soleil crew necklace"}]},{"@type":"WebSite","@id":"https:\/\/claire-hecquet-chaut.com\/#website","url":"https:\/\/claire-hecquet-chaut.com\/","name":"Bijoux c\u00e9ramique Claire Hecquet-Chaut","description":"Cr\u00e9ateur de bijoux en c\u00e9ramique depuis 1992","publisher":{"@id":"https:\/\/claire-hecquet-chaut.com\/#organization"},"potentialAction":[{"@type":"SearchAction","target":{"@type":"EntryPoint","urlTemplate":"https:\/\/claire-hecquet-chaut.com\/?s={search_term_string}"},"query-input":{"@type":"PropertyValueSpecification","valueRequired":true,"valueName":"search_term_string"}}],"inLanguage":"en-US"},{"@type":"Organization","@id":"https:\/\/claire-hecquet-chaut.com\/#organization","name":"Bijoux c\u00e9ramique Claire Hecquet-Chaut","url":"https:\/\/claire-hecquet-chaut.com\/","logo":{"@type":"ImageObject","inLanguage":"en-US","@id":"https:\/\/claire-hecquet-chaut.com\/#\/schema\/logo\/image\/","url":"https:\/\/claire-hecquet-chaut.com\/wp-content\/uploads\/2017\/08\/lclaire-hecquet-chaut-bijoux-ceramique-france-logo.png","contentUrl":"https:\/\/claire-hecquet-chaut.com\/wp-content\/uploads\/2017\/08\/lclaire-hecquet-chaut-bijoux-ceramique-france-logo.png","width":166,"height":166,"caption":"Bijoux c\u00e9ramique Claire Hecquet-Chaut"},"image":{"@id":"https:\/\/claire-hecquet-chaut.com\/#\/schema\/logo\/image\/"},"sameAs":["https:\/\/www.facebook.com\/claire.hecquetchaut","https:\/\/x.com\/c_hecquetchaut","https:\/\/www.instagram.com\/clairehecquetchaut\/"]}]}},"_links":{"self":[{"href":"https:\/\/claire-hecquet-chaut.com\/en\/wp-json\/wp\/v2\/product\/805","targetHints":{"allow":["GET"]}}],"collection":[{"href":"https:\/\/claire-hecquet-chaut.com\/en\/wp-json\/wp\/v2\/product"}],"about":[{"href":"https:\/\/claire-hecquet-chaut.com\/en\/wp-json\/wp\/v2\/types\/product"}],"wp:featuredmedia":[{"embeddable":true,"href":"https:\/\/claire-hecquet-chaut.com\/en\/wp-json\/wp\/v2\/media\/818"}],"wp:attachment":[{"href":"https:\/\/claire-hecquet-chaut.com\/en\/wp-json\/wp\/v2\/media?parent=805"}],"wp:term":[{"taxonomy":"product_brand","embeddable":true,"href":"https:\/\/claire-hecquet-chaut.com\/en\/wp-json\/wp\/v2\/product_brand?post=805"},{"taxonomy":"product_cat","embeddable":true,"href":"https:\/\/claire-hecquet-chaut.com\/en\/wp-json\/wp\/v2\/product_cat?post=805"},{"taxonomy":"product_tag","embeddable":true,"href":"https:\/\/claire-hecquet-chaut.com\/en\/wp-json\/wp\/v2\/product_tag?post=805"}],"curies":[{"name":"wp","href":"https:\/\/api.w.org\/{rel}","templated":true}]}}