{"id":2627,"date":"2023-01-20T16:08:46","date_gmt":"2023-01-20T15:08:46","guid":{"rendered":"https:\/\/claire-hecquet-chaut.com\/?post_type=product&#038;p=2627"},"modified":"2023-01-20T16:08:50","modified_gmt":"2023-01-20T15:08:50","slug":"jeremie-rafter-tiles","status":"publish","type":"product","link":"https:\/\/claire-hecquet-chaut.com\/en\/shop\/jeremie-rafter-tiles\/","title":{"rendered":"J\u00e9r\u00e9mie rafter tiles"},"content":{"rendered":"<h2>Emotional Touch<\/h2>\n<p>J\u00e9r\u00e9mie rafter tiles inspired by mediterranean vibes is hand made in France. A very emotional touch as each tile is different from the others. Do not hesitate to use the J\u00e9r\u00e9mie tiles on limited surfaces in contrast with industrial tiles. It can be ordered in turquoise harmony, or more contrasted one (black\/platinum). Personalized colors on order. Large jonction to plan. Delivery 12 to 14 weeks. price for 1mx1m.<\/p>\n<h2>Luxurious made in France craft tiles<\/h2>\n<p>J\u00e9r\u00e9mie tiles are entirely shaped ans enameled in France by the designer in an authentic crafmanship.<\/p>\n<p>Each tile require meticulous making step, shaping, sanding, drying, first firing,\u00a0enameling \u00a0second firing, if necessary third low firing and assembly.<\/p>\n<p>Each piece is\u00a0different\u00a0from the other resulting an irregular\u00a0aspect bringing \u00a0poetry and soul.<\/p>\n","protected":false},"excerpt":{"rendered":"<p>Artisanal touch<\/p>\n","protected":false},"featured_media":2628,"template":"","meta":{"_acf_changed":false},"product_brand":[],"product_cat":[59],"product_tag":[],"class_list":{"0":"post-2627","1":"product","2":"type-product","3":"status-publish","4":"has-post-thumbnail","6":"product_cat-decorative-jewels","8":"first","9":"instock","10":"taxable","11":"shipping-taxable","12":"purchasable","13":"product-type-simple"},"acf":[],"yoast_head":"<!-- This site is optimized with the Yoast SEO plugin v27.4 - https:\/\/yoast.com\/product\/yoast-seo-wordpress\/ -->\n<title>J\u00e9r\u00e9mie rafter tiles - Bijoux c\u00e9ramique Claire Hecquet-Chaut<\/title>\n<meta name=\"description\" content=\"Personalized rafter shaped tiles hand made in France\" \/>\n<meta name=\"robots\" content=\"index, follow, max-snippet:-1, max-image-preview:large, max-video-preview:-1\" \/>\n<link rel=\"canonical\" href=\"https:\/\/claire-hecquet-chaut.com\/en\/shop\/jeremie-rafter-tiles\/\" \/>\n<meta property=\"og:locale\" content=\"en_US\" \/>\n<meta property=\"og:type\" content=\"article\" \/>\n<meta property=\"og:title\" content=\"J\u00e9r\u00e9mie rafter tiles - Bijoux c\u00e9ramique Claire Hecquet-Chaut\" \/>\n<meta property=\"og:description\" content=\"Personalized rafter shaped tiles hand made in France\" \/>\n<meta property=\"og:url\" content=\"https:\/\/claire-hecquet-chaut.com\/en\/shop\/jeremie-rafter-tiles\/\" \/>\n<meta property=\"og:site_name\" content=\"Bijoux c\u00e9ramique Claire Hecquet-Chaut\" \/>\n<meta property=\"article:publisher\" content=\"https:\/\/www.facebook.com\/claire.hecquetchaut\" \/>\n<meta property=\"article:modified_time\" content=\"2023-01-20T15:08:50+00:00\" \/>\n<meta property=\"og:image\" content=\"https:\/\/claire-hecquet-chaut.com\/wp-content\/uploads\/2017\/07\/carrelages.jpg\" \/>\n\t<meta property=\"og:image:width\" content=\"768\" \/>\n\t<meta property=\"og:image:height\" content=\"1024\" \/>\n\t<meta property=\"og:image:type\" content=\"image\/jpeg\" \/>\n<meta name=\"twitter:card\" content=\"summary_large_image\" \/>\n<meta name=\"twitter:site\" content=\"@c_hecquetchaut\" \/>\n<meta name=\"twitter:label1\" content=\"Est. reading time\" \/>\n\t<meta name=\"twitter:data1\" content=\"1 minute\" \/>\n<script type=\"application\/ld+json\" class=\"yoast-schema-graph\">{\"@context\":\"https:\\\/\\\/schema.org\",\"@graph\":[{\"@type\":\"WebPage\",\"@id\":\"https:\\\/\\\/claire-hecquet-chaut.com\\\/en\\\/shop\\\/jeremie-rafter-tiles\\\/\",\"url\":\"https:\\\/\\\/claire-hecquet-chaut.com\\\/en\\\/shop\\\/jeremie-rafter-tiles\\\/\",\"name\":\"J\u00e9r\u00e9mie rafter tiles - Bijoux c\u00e9ramique Claire Hecquet-Chaut\",\"isPartOf\":{\"@id\":\"https:\\\/\\\/claire-hecquet-chaut.com\\\/#website\"},\"primaryImageOfPage\":{\"@id\":\"https:\\\/\\\/claire-hecquet-chaut.com\\\/en\\\/shop\\\/jeremie-rafter-tiles\\\/#primaryimage\"},\"image\":{\"@id\":\"https:\\\/\\\/claire-hecquet-chaut.com\\\/en\\\/shop\\\/jeremie-rafter-tiles\\\/#primaryimage\"},\"thumbnailUrl\":\"https:\\\/\\\/claire-hecquet-chaut.com\\\/wp-content\\\/uploads\\\/2017\\\/07\\\/carrelages.jpg\",\"datePublished\":\"2023-01-20T15:08:46+00:00\",\"dateModified\":\"2023-01-20T15:08:50+00:00\",\"description\":\"Personalized rafter shaped tiles hand made in France\",\"breadcrumb\":{\"@id\":\"https:\\\/\\\/claire-hecquet-chaut.com\\\/en\\\/shop\\\/jeremie-rafter-tiles\\\/#breadcrumb\"},\"inLanguage\":\"en-US\",\"potentialAction\":[{\"@type\":\"ReadAction\",\"target\":[\"https:\\\/\\\/claire-hecquet-chaut.com\\\/en\\\/shop\\\/jeremie-rafter-tiles\\\/\"]}]},{\"@type\":\"ImageObject\",\"inLanguage\":\"en-US\",\"@id\":\"https:\\\/\\\/claire-hecquet-chaut.com\\\/en\\\/shop\\\/jeremie-rafter-tiles\\\/#primaryimage\",\"url\":\"https:\\\/\\\/claire-hecquet-chaut.com\\\/wp-content\\\/uploads\\\/2017\\\/07\\\/carrelages.jpg\",\"contentUrl\":\"https:\\\/\\\/claire-hecquet-chaut.com\\\/wp-content\\\/uploads\\\/2017\\\/07\\\/carrelages.jpg\",\"width\":768,\"height\":1024,\"caption\":\"Carrelage en c\u00e9ramique J\u00e9r\u00e9mie |\u00a0Claire-Hecquet-Chaut\"},{\"@type\":\"BreadcrumbList\",\"@id\":\"https:\\\/\\\/claire-hecquet-chaut.com\\\/en\\\/shop\\\/jeremie-rafter-tiles\\\/#breadcrumb\",\"itemListElement\":[{\"@type\":\"ListItem\",\"position\":1,\"name\":\"Accueil\",\"item\":\"https:\\\/\\\/claire-hecquet-chaut.com\\\/en\\\/\"},{\"@type\":\"ListItem\",\"position\":2,\"name\":\"Produits\",\"item\":\"https:\\\/\\\/claire-hecquet-chaut.com\\\/boutique\\\/\"},{\"@type\":\"ListItem\",\"position\":3,\"name\":\"Home Deco Ceramic\",\"item\":\"https:\\\/\\\/claire-hecquet-chaut.com\\\/en\\\/categorie\\\/decorative-jewels\\\/\"},{\"@type\":\"ListItem\",\"position\":4,\"name\":\"J\u00e9r\u00e9mie rafter tiles\"}]},{\"@type\":\"WebSite\",\"@id\":\"https:\\\/\\\/claire-hecquet-chaut.com\\\/#website\",\"url\":\"https:\\\/\\\/claire-hecquet-chaut.com\\\/\",\"name\":\"Bijoux c\u00e9ramique Claire Hecquet-Chaut\",\"description\":\"Cr\u00e9ateur de bijoux en c\u00e9ramique depuis 1992\",\"publisher\":{\"@id\":\"https:\\\/\\\/claire-hecquet-chaut.com\\\/#organization\"},\"potentialAction\":[{\"@type\":\"SearchAction\",\"target\":{\"@type\":\"EntryPoint\",\"urlTemplate\":\"https:\\\/\\\/claire-hecquet-chaut.com\\\/?s={search_term_string}\"},\"query-input\":{\"@type\":\"PropertyValueSpecification\",\"valueRequired\":true,\"valueName\":\"search_term_string\"}}],\"inLanguage\":\"en-US\"},{\"@type\":\"Organization\",\"@id\":\"https:\\\/\\\/claire-hecquet-chaut.com\\\/#organization\",\"name\":\"Bijoux c\u00e9ramique Claire Hecquet-Chaut\",\"url\":\"https:\\\/\\\/claire-hecquet-chaut.com\\\/\",\"logo\":{\"@type\":\"ImageObject\",\"inLanguage\":\"en-US\",\"@id\":\"https:\\\/\\\/claire-hecquet-chaut.com\\\/#\\\/schema\\\/logo\\\/image\\\/\",\"url\":\"https:\\\/\\\/claire-hecquet-chaut.com\\\/wp-content\\\/uploads\\\/2017\\\/08\\\/lclaire-hecquet-chaut-bijoux-ceramique-france-logo.png\",\"contentUrl\":\"https:\\\/\\\/claire-hecquet-chaut.com\\\/wp-content\\\/uploads\\\/2017\\\/08\\\/lclaire-hecquet-chaut-bijoux-ceramique-france-logo.png\",\"width\":166,\"height\":166,\"caption\":\"Bijoux c\u00e9ramique Claire Hecquet-Chaut\"},\"image\":{\"@id\":\"https:\\\/\\\/claire-hecquet-chaut.com\\\/#\\\/schema\\\/logo\\\/image\\\/\"},\"sameAs\":[\"https:\\\/\\\/www.facebook.com\\\/claire.hecquetchaut\",\"https:\\\/\\\/x.com\\\/c_hecquetchaut\",\"https:\\\/\\\/www.instagram.com\\\/clairehecquetchaut\\\/\"]}]}<\/script>\n<!-- \/ Yoast SEO plugin. -->","yoast_head_json":{"title":"J\u00e9r\u00e9mie rafter tiles - Bijoux c\u00e9ramique Claire Hecquet-Chaut","description":"Personalized rafter shaped tiles hand made in France","robots":{"index":"index","follow":"follow","max-snippet":"max-snippet:-1","max-image-preview":"max-image-preview:large","max-video-preview":"max-video-preview:-1"},"canonical":"https:\/\/claire-hecquet-chaut.com\/en\/shop\/jeremie-rafter-tiles\/","og_locale":"en_US","og_type":"article","og_title":"J\u00e9r\u00e9mie rafter tiles - Bijoux c\u00e9ramique Claire Hecquet-Chaut","og_description":"Personalized rafter shaped tiles hand made in France","og_url":"https:\/\/claire-hecquet-chaut.com\/en\/shop\/jeremie-rafter-tiles\/","og_site_name":"Bijoux c\u00e9ramique Claire Hecquet-Chaut","article_publisher":"https:\/\/www.facebook.com\/claire.hecquetchaut","article_modified_time":"2023-01-20T15:08:50+00:00","og_image":[{"width":768,"height":1024,"url":"https:\/\/claire-hecquet-chaut.com\/wp-content\/uploads\/2017\/07\/carrelages.jpg","type":"image\/jpeg"}],"twitter_card":"summary_large_image","twitter_site":"@c_hecquetchaut","twitter_misc":{"Est. reading time":"1 minute"},"schema":{"@context":"https:\/\/schema.org","@graph":[{"@type":"WebPage","@id":"https:\/\/claire-hecquet-chaut.com\/en\/shop\/jeremie-rafter-tiles\/","url":"https:\/\/claire-hecquet-chaut.com\/en\/shop\/jeremie-rafter-tiles\/","name":"J\u00e9r\u00e9mie rafter tiles - Bijoux c\u00e9ramique Claire Hecquet-Chaut","isPartOf":{"@id":"https:\/\/claire-hecquet-chaut.com\/#website"},"primaryImageOfPage":{"@id":"https:\/\/claire-hecquet-chaut.com\/en\/shop\/jeremie-rafter-tiles\/#primaryimage"},"image":{"@id":"https:\/\/claire-hecquet-chaut.com\/en\/shop\/jeremie-rafter-tiles\/#primaryimage"},"thumbnailUrl":"https:\/\/claire-hecquet-chaut.com\/wp-content\/uploads\/2017\/07\/carrelages.jpg","datePublished":"2023-01-20T15:08:46+00:00","dateModified":"2023-01-20T15:08:50+00:00","description":"Personalized rafter shaped tiles hand made in France","breadcrumb":{"@id":"https:\/\/claire-hecquet-chaut.com\/en\/shop\/jeremie-rafter-tiles\/#breadcrumb"},"inLanguage":"en-US","potentialAction":[{"@type":"ReadAction","target":["https:\/\/claire-hecquet-chaut.com\/en\/shop\/jeremie-rafter-tiles\/"]}]},{"@type":"ImageObject","inLanguage":"en-US","@id":"https:\/\/claire-hecquet-chaut.com\/en\/shop\/jeremie-rafter-tiles\/#primaryimage","url":"https:\/\/claire-hecquet-chaut.com\/wp-content\/uploads\/2017\/07\/carrelages.jpg","contentUrl":"https:\/\/claire-hecquet-chaut.com\/wp-content\/uploads\/2017\/07\/carrelages.jpg","width":768,"height":1024,"caption":"Carrelage en c\u00e9ramique J\u00e9r\u00e9mie |\u00a0Claire-Hecquet-Chaut"},{"@type":"BreadcrumbList","@id":"https:\/\/claire-hecquet-chaut.com\/en\/shop\/jeremie-rafter-tiles\/#breadcrumb","itemListElement":[{"@type":"ListItem","position":1,"name":"Accueil","item":"https:\/\/claire-hecquet-chaut.com\/en\/"},{"@type":"ListItem","position":2,"name":"Produits","item":"https:\/\/claire-hecquet-chaut.com\/boutique\/"},{"@type":"ListItem","position":3,"name":"Home Deco Ceramic","item":"https:\/\/claire-hecquet-chaut.com\/en\/categorie\/decorative-jewels\/"},{"@type":"ListItem","position":4,"name":"J\u00e9r\u00e9mie rafter tiles"}]},{"@type":"WebSite","@id":"https:\/\/claire-hecquet-chaut.com\/#website","url":"https:\/\/claire-hecquet-chaut.com\/","name":"Bijoux c\u00e9ramique Claire Hecquet-Chaut","description":"Cr\u00e9ateur de bijoux en c\u00e9ramique depuis 1992","publisher":{"@id":"https:\/\/claire-hecquet-chaut.com\/#organization"},"potentialAction":[{"@type":"SearchAction","target":{"@type":"EntryPoint","urlTemplate":"https:\/\/claire-hecquet-chaut.com\/?s={search_term_string}"},"query-input":{"@type":"PropertyValueSpecification","valueRequired":true,"valueName":"search_term_string"}}],"inLanguage":"en-US"},{"@type":"Organization","@id":"https:\/\/claire-hecquet-chaut.com\/#organization","name":"Bijoux c\u00e9ramique Claire Hecquet-Chaut","url":"https:\/\/claire-hecquet-chaut.com\/","logo":{"@type":"ImageObject","inLanguage":"en-US","@id":"https:\/\/claire-hecquet-chaut.com\/#\/schema\/logo\/image\/","url":"https:\/\/claire-hecquet-chaut.com\/wp-content\/uploads\/2017\/08\/lclaire-hecquet-chaut-bijoux-ceramique-france-logo.png","contentUrl":"https:\/\/claire-hecquet-chaut.com\/wp-content\/uploads\/2017\/08\/lclaire-hecquet-chaut-bijoux-ceramique-france-logo.png","width":166,"height":166,"caption":"Bijoux c\u00e9ramique Claire Hecquet-Chaut"},"image":{"@id":"https:\/\/claire-hecquet-chaut.com\/#\/schema\/logo\/image\/"},"sameAs":["https:\/\/www.facebook.com\/claire.hecquetchaut","https:\/\/x.com\/c_hecquetchaut","https:\/\/www.instagram.com\/clairehecquetchaut\/"]}]}},"_links":{"self":[{"href":"https:\/\/claire-hecquet-chaut.com\/en\/wp-json\/wp\/v2\/product\/2627","targetHints":{"allow":["GET"]}}],"collection":[{"href":"https:\/\/claire-hecquet-chaut.com\/en\/wp-json\/wp\/v2\/product"}],"about":[{"href":"https:\/\/claire-hecquet-chaut.com\/en\/wp-json\/wp\/v2\/types\/product"}],"wp:featuredmedia":[{"embeddable":true,"href":"https:\/\/claire-hecquet-chaut.com\/en\/wp-json\/wp\/v2\/media\/2628"}],"wp:attachment":[{"href":"https:\/\/claire-hecquet-chaut.com\/en\/wp-json\/wp\/v2\/media?parent=2627"}],"wp:term":[{"taxonomy":"product_brand","embeddable":true,"href":"https:\/\/claire-hecquet-chaut.com\/en\/wp-json\/wp\/v2\/product_brand?post=2627"},{"taxonomy":"product_cat","embeddable":true,"href":"https:\/\/claire-hecquet-chaut.com\/en\/wp-json\/wp\/v2\/product_cat?post=2627"},{"taxonomy":"product_tag","embeddable":true,"href":"https:\/\/claire-hecquet-chaut.com\/en\/wp-json\/wp\/v2\/product_tag?post=2627"}],"curies":[{"name":"wp","href":"https:\/\/api.w.org\/{rel}","templated":true}]}}