{"id":2624,"date":"2023-01-20T16:05:10","date_gmt":"2023-01-20T15:05:10","guid":{"rendered":"https:\/\/claire-hecquet-chaut.com\/?post_type=product&#038;p=2624"},"modified":"2023-01-20T16:05:11","modified_gmt":"2023-01-20T15:05:11","slug":"color-range-chain","status":"publish","type":"product","link":"https:\/\/claire-hecquet-chaut.com\/en\/shop\/color-range-chain\/","title":{"rendered":"Color Range Chain"},"content":{"rendered":"<h2>A two in one Color Range Necklace<\/h2>\n<p><em>The Color Range necklace is like a rainbow around the neck. With a selection of soft degrade colors, \u00a0half warm tones, half cold tones, it can be worn more one side or the other, depending on the silhouette to coordinated with. A chic and\u00a0playful accessory very easy to wear everyday or for a night accesorisation<\/em><\/p>\n<h2>A luxurious craft accessory made in France<\/h2>\n<p>Color Range Necklace ceramic necklace is entirely made in France by the designer in an authentic crafmanship.<\/p>\n<p>Each\u00a0bead requires several meticulous making steps, shaping, sanding, drying, first firing,\u00a0enameling \u00a0second firing, if necessary third low firing and assembly.<\/p>\n<p>More over, metallic ring, and chain come from French\u00a0craftsmen and are nickel free. The\u00a0packaging is done by a French printer.<\/p>\n<p>Each piece is\u00a0different\u00a0from the other resulting an irregular\u00a0aspect bringing \u00a0poetry and soul.<\/p>\n","protected":false},"excerpt":{"rendered":"<p>A refined rainbow<\/p>\n","protected":false},"featured_media":2625,"template":"","meta":{"_acf_changed":false},"product_brand":[],"product_cat":[58],"product_tag":[],"class_list":{"0":"post-2624","1":"product","2":"type-product","3":"status-publish","4":"has-post-thumbnail","6":"product_cat-long-necklaces","8":"first","9":"instock","10":"taxable","11":"shipping-taxable","12":"purchasable","13":"product-type-simple"},"acf":[],"yoast_head":"<!-- This site is optimized with the Yoast SEO plugin v27.3 - https:\/\/yoast.com\/product\/yoast-seo-wordpress\/ -->\n<title>Color Range Chain-Claire Hecquet-Chaut ceramic jewelry<\/title>\n<meta name=\"description\" content=\"Color Range Chain is a long necklace in ceramic, made of multicolores set of d\u00e9grad\u00e9 beads in soft chic tones.\" \/>\n<meta name=\"robots\" content=\"index, follow, max-snippet:-1, max-image-preview:large, max-video-preview:-1\" \/>\n<link rel=\"canonical\" href=\"https:\/\/claire-hecquet-chaut.com\/en\/shop\/color-range-chain\/\" \/>\n<meta property=\"og:locale\" content=\"en_US\" \/>\n<meta property=\"og:type\" content=\"article\" \/>\n<meta property=\"og:title\" content=\"Color Range Chain-Claire Hecquet-Chaut ceramic jewelry\" \/>\n<meta property=\"og:description\" content=\"Color Range Chain is a long necklace in ceramic, made of multicolores set of d\u00e9grad\u00e9 beads in soft chic tones.\" \/>\n<meta property=\"og:url\" content=\"https:\/\/claire-hecquet-chaut.com\/en\/shop\/color-range-chain\/\" \/>\n<meta property=\"og:site_name\" content=\"Bijoux c\u00e9ramique Claire Hecquet-Chaut\" \/>\n<meta property=\"article:publisher\" content=\"https:\/\/www.facebook.com\/claire.hecquetchaut\" \/>\n<meta property=\"article:modified_time\" content=\"2023-01-20T15:05:11+00:00\" \/>\n<meta property=\"og:image\" content=\"https:\/\/claire-hecquet-chaut.com\/wp-content\/uploads\/2017\/07\/clrmultico.jpg\" \/>\n\t<meta property=\"og:image:width\" content=\"768\" \/>\n\t<meta property=\"og:image:height\" content=\"1024\" \/>\n\t<meta property=\"og:image:type\" content=\"image\/jpeg\" \/>\n<meta name=\"twitter:card\" content=\"summary_large_image\" \/>\n<meta name=\"twitter:site\" content=\"@c_hecquetchaut\" \/>\n<meta name=\"twitter:label1\" content=\"Est. reading time\" \/>\n\t<meta name=\"twitter:data1\" content=\"1 minute\" \/>\n<script type=\"application\/ld+json\" class=\"yoast-schema-graph\">{\"@context\":\"https:\\\/\\\/schema.org\",\"@graph\":[{\"@type\":\"WebPage\",\"@id\":\"https:\\\/\\\/claire-hecquet-chaut.com\\\/en\\\/shop\\\/color-range-chain\\\/\",\"url\":\"https:\\\/\\\/claire-hecquet-chaut.com\\\/en\\\/shop\\\/color-range-chain\\\/\",\"name\":\"Color Range Chain-Claire Hecquet-Chaut ceramic jewelry\",\"isPartOf\":{\"@id\":\"https:\\\/\\\/claire-hecquet-chaut.com\\\/#website\"},\"primaryImageOfPage\":{\"@id\":\"https:\\\/\\\/claire-hecquet-chaut.com\\\/en\\\/shop\\\/color-range-chain\\\/#primaryimage\"},\"image\":{\"@id\":\"https:\\\/\\\/claire-hecquet-chaut.com\\\/en\\\/shop\\\/color-range-chain\\\/#primaryimage\"},\"thumbnailUrl\":\"https:\\\/\\\/claire-hecquet-chaut.com\\\/wp-content\\\/uploads\\\/2017\\\/07\\\/clrmultico.jpg\",\"datePublished\":\"2023-01-20T15:05:10+00:00\",\"dateModified\":\"2023-01-20T15:05:11+00:00\",\"description\":\"Color Range Chain is a long necklace in ceramic, made of multicolores set of d\u00e9grad\u00e9 beads in soft chic tones.\",\"breadcrumb\":{\"@id\":\"https:\\\/\\\/claire-hecquet-chaut.com\\\/en\\\/shop\\\/color-range-chain\\\/#breadcrumb\"},\"inLanguage\":\"en-US\",\"potentialAction\":[{\"@type\":\"ReadAction\",\"target\":[\"https:\\\/\\\/claire-hecquet-chaut.com\\\/en\\\/shop\\\/color-range-chain\\\/\"]}]},{\"@type\":\"ImageObject\",\"inLanguage\":\"en-US\",\"@id\":\"https:\\\/\\\/claire-hecquet-chaut.com\\\/en\\\/shop\\\/color-range-chain\\\/#primaryimage\",\"url\":\"https:\\\/\\\/claire-hecquet-chaut.com\\\/wp-content\\\/uploads\\\/2017\\\/07\\\/clrmultico.jpg\",\"contentUrl\":\"https:\\\/\\\/claire-hecquet-chaut.com\\\/wp-content\\\/uploads\\\/2017\\\/07\\\/clrmultico.jpg\",\"width\":768,\"height\":1024,\"caption\":\"Sautoir Multicolore en c\u00e9ramique | Claire Hecquet-Chaut\"},{\"@type\":\"BreadcrumbList\",\"@id\":\"https:\\\/\\\/claire-hecquet-chaut.com\\\/en\\\/shop\\\/color-range-chain\\\/#breadcrumb\",\"itemListElement\":[{\"@type\":\"ListItem\",\"position\":1,\"name\":\"Accueil\",\"item\":\"https:\\\/\\\/claire-hecquet-chaut.com\\\/en\\\/\"},{\"@type\":\"ListItem\",\"position\":2,\"name\":\"Produits\",\"item\":\"https:\\\/\\\/claire-hecquet-chaut.com\\\/boutique\\\/\"},{\"@type\":\"ListItem\",\"position\":3,\"name\":\"Sautoirs\",\"item\":\"https:\\\/\\\/claire-hecquet-chaut.com\\\/categorie\\\/sautoirs\\\/\"},{\"@type\":\"ListItem\",\"position\":4,\"name\":\"Color Range Chain\"}]},{\"@type\":\"WebSite\",\"@id\":\"https:\\\/\\\/claire-hecquet-chaut.com\\\/#website\",\"url\":\"https:\\\/\\\/claire-hecquet-chaut.com\\\/\",\"name\":\"Bijoux c\u00e9ramique Claire Hecquet-Chaut\",\"description\":\"Cr\u00e9ateur de bijoux en c\u00e9ramique depuis 1992\",\"publisher\":{\"@id\":\"https:\\\/\\\/claire-hecquet-chaut.com\\\/#organization\"},\"potentialAction\":[{\"@type\":\"SearchAction\",\"target\":{\"@type\":\"EntryPoint\",\"urlTemplate\":\"https:\\\/\\\/claire-hecquet-chaut.com\\\/?s={search_term_string}\"},\"query-input\":{\"@type\":\"PropertyValueSpecification\",\"valueRequired\":true,\"valueName\":\"search_term_string\"}}],\"inLanguage\":\"en-US\"},{\"@type\":\"Organization\",\"@id\":\"https:\\\/\\\/claire-hecquet-chaut.com\\\/#organization\",\"name\":\"Bijoux c\u00e9ramique Claire Hecquet-Chaut\",\"url\":\"https:\\\/\\\/claire-hecquet-chaut.com\\\/\",\"logo\":{\"@type\":\"ImageObject\",\"inLanguage\":\"en-US\",\"@id\":\"https:\\\/\\\/claire-hecquet-chaut.com\\\/#\\\/schema\\\/logo\\\/image\\\/\",\"url\":\"https:\\\/\\\/claire-hecquet-chaut.com\\\/wp-content\\\/uploads\\\/2017\\\/08\\\/lclaire-hecquet-chaut-bijoux-ceramique-france-logo.png\",\"contentUrl\":\"https:\\\/\\\/claire-hecquet-chaut.com\\\/wp-content\\\/uploads\\\/2017\\\/08\\\/lclaire-hecquet-chaut-bijoux-ceramique-france-logo.png\",\"width\":166,\"height\":166,\"caption\":\"Bijoux c\u00e9ramique Claire Hecquet-Chaut\"},\"image\":{\"@id\":\"https:\\\/\\\/claire-hecquet-chaut.com\\\/#\\\/schema\\\/logo\\\/image\\\/\"},\"sameAs\":[\"https:\\\/\\\/www.facebook.com\\\/claire.hecquetchaut\",\"https:\\\/\\\/x.com\\\/c_hecquetchaut\",\"https:\\\/\\\/www.instagram.com\\\/clairehecquetchaut\\\/\"]}]}<\/script>\n<!-- \/ Yoast SEO plugin. -->","yoast_head_json":{"title":"Color Range Chain-Claire Hecquet-Chaut ceramic jewelry","description":"Color Range Chain is a long necklace in ceramic, made of multicolores set of d\u00e9grad\u00e9 beads in soft chic tones.","robots":{"index":"index","follow":"follow","max-snippet":"max-snippet:-1","max-image-preview":"max-image-preview:large","max-video-preview":"max-video-preview:-1"},"canonical":"https:\/\/claire-hecquet-chaut.com\/en\/shop\/color-range-chain\/","og_locale":"en_US","og_type":"article","og_title":"Color Range Chain-Claire Hecquet-Chaut ceramic jewelry","og_description":"Color Range Chain is a long necklace in ceramic, made of multicolores set of d\u00e9grad\u00e9 beads in soft chic tones.","og_url":"https:\/\/claire-hecquet-chaut.com\/en\/shop\/color-range-chain\/","og_site_name":"Bijoux c\u00e9ramique Claire Hecquet-Chaut","article_publisher":"https:\/\/www.facebook.com\/claire.hecquetchaut","article_modified_time":"2023-01-20T15:05:11+00:00","og_image":[{"width":768,"height":1024,"url":"https:\/\/claire-hecquet-chaut.com\/wp-content\/uploads\/2017\/07\/clrmultico.jpg","type":"image\/jpeg"}],"twitter_card":"summary_large_image","twitter_site":"@c_hecquetchaut","twitter_misc":{"Est. reading time":"1 minute"},"schema":{"@context":"https:\/\/schema.org","@graph":[{"@type":"WebPage","@id":"https:\/\/claire-hecquet-chaut.com\/en\/shop\/color-range-chain\/","url":"https:\/\/claire-hecquet-chaut.com\/en\/shop\/color-range-chain\/","name":"Color Range Chain-Claire Hecquet-Chaut ceramic jewelry","isPartOf":{"@id":"https:\/\/claire-hecquet-chaut.com\/#website"},"primaryImageOfPage":{"@id":"https:\/\/claire-hecquet-chaut.com\/en\/shop\/color-range-chain\/#primaryimage"},"image":{"@id":"https:\/\/claire-hecquet-chaut.com\/en\/shop\/color-range-chain\/#primaryimage"},"thumbnailUrl":"https:\/\/claire-hecquet-chaut.com\/wp-content\/uploads\/2017\/07\/clrmultico.jpg","datePublished":"2023-01-20T15:05:10+00:00","dateModified":"2023-01-20T15:05:11+00:00","description":"Color Range Chain is a long necklace in ceramic, made of multicolores set of d\u00e9grad\u00e9 beads in soft chic tones.","breadcrumb":{"@id":"https:\/\/claire-hecquet-chaut.com\/en\/shop\/color-range-chain\/#breadcrumb"},"inLanguage":"en-US","potentialAction":[{"@type":"ReadAction","target":["https:\/\/claire-hecquet-chaut.com\/en\/shop\/color-range-chain\/"]}]},{"@type":"ImageObject","inLanguage":"en-US","@id":"https:\/\/claire-hecquet-chaut.com\/en\/shop\/color-range-chain\/#primaryimage","url":"https:\/\/claire-hecquet-chaut.com\/wp-content\/uploads\/2017\/07\/clrmultico.jpg","contentUrl":"https:\/\/claire-hecquet-chaut.com\/wp-content\/uploads\/2017\/07\/clrmultico.jpg","width":768,"height":1024,"caption":"Sautoir Multicolore en c\u00e9ramique | Claire Hecquet-Chaut"},{"@type":"BreadcrumbList","@id":"https:\/\/claire-hecquet-chaut.com\/en\/shop\/color-range-chain\/#breadcrumb","itemListElement":[{"@type":"ListItem","position":1,"name":"Accueil","item":"https:\/\/claire-hecquet-chaut.com\/en\/"},{"@type":"ListItem","position":2,"name":"Produits","item":"https:\/\/claire-hecquet-chaut.com\/boutique\/"},{"@type":"ListItem","position":3,"name":"Sautoirs","item":"https:\/\/claire-hecquet-chaut.com\/categorie\/sautoirs\/"},{"@type":"ListItem","position":4,"name":"Color Range Chain"}]},{"@type":"WebSite","@id":"https:\/\/claire-hecquet-chaut.com\/#website","url":"https:\/\/claire-hecquet-chaut.com\/","name":"Bijoux c\u00e9ramique Claire Hecquet-Chaut","description":"Cr\u00e9ateur de bijoux en c\u00e9ramique depuis 1992","publisher":{"@id":"https:\/\/claire-hecquet-chaut.com\/#organization"},"potentialAction":[{"@type":"SearchAction","target":{"@type":"EntryPoint","urlTemplate":"https:\/\/claire-hecquet-chaut.com\/?s={search_term_string}"},"query-input":{"@type":"PropertyValueSpecification","valueRequired":true,"valueName":"search_term_string"}}],"inLanguage":"en-US"},{"@type":"Organization","@id":"https:\/\/claire-hecquet-chaut.com\/#organization","name":"Bijoux c\u00e9ramique Claire Hecquet-Chaut","url":"https:\/\/claire-hecquet-chaut.com\/","logo":{"@type":"ImageObject","inLanguage":"en-US","@id":"https:\/\/claire-hecquet-chaut.com\/#\/schema\/logo\/image\/","url":"https:\/\/claire-hecquet-chaut.com\/wp-content\/uploads\/2017\/08\/lclaire-hecquet-chaut-bijoux-ceramique-france-logo.png","contentUrl":"https:\/\/claire-hecquet-chaut.com\/wp-content\/uploads\/2017\/08\/lclaire-hecquet-chaut-bijoux-ceramique-france-logo.png","width":166,"height":166,"caption":"Bijoux c\u00e9ramique Claire Hecquet-Chaut"},"image":{"@id":"https:\/\/claire-hecquet-chaut.com\/#\/schema\/logo\/image\/"},"sameAs":["https:\/\/www.facebook.com\/claire.hecquetchaut","https:\/\/x.com\/c_hecquetchaut","https:\/\/www.instagram.com\/clairehecquetchaut\/"]}]}},"_links":{"self":[{"href":"https:\/\/claire-hecquet-chaut.com\/en\/wp-json\/wp\/v2\/product\/2624","targetHints":{"allow":["GET"]}}],"collection":[{"href":"https:\/\/claire-hecquet-chaut.com\/en\/wp-json\/wp\/v2\/product"}],"about":[{"href":"https:\/\/claire-hecquet-chaut.com\/en\/wp-json\/wp\/v2\/types\/product"}],"wp:featuredmedia":[{"embeddable":true,"href":"https:\/\/claire-hecquet-chaut.com\/en\/wp-json\/wp\/v2\/media\/2625"}],"wp:attachment":[{"href":"https:\/\/claire-hecquet-chaut.com\/en\/wp-json\/wp\/v2\/media?parent=2624"}],"wp:term":[{"taxonomy":"product_brand","embeddable":true,"href":"https:\/\/claire-hecquet-chaut.com\/en\/wp-json\/wp\/v2\/product_brand?post=2624"},{"taxonomy":"product_cat","embeddable":true,"href":"https:\/\/claire-hecquet-chaut.com\/en\/wp-json\/wp\/v2\/product_cat?post=2624"},{"taxonomy":"product_tag","embeddable":true,"href":"https:\/\/claire-hecquet-chaut.com\/en\/wp-json\/wp\/v2\/product_tag?post=2624"}],"curies":[{"name":"wp","href":"https:\/\/api.w.org\/{rel}","templated":true}]}}