{"id":403,"date":"2017-07-09T18:59:55","date_gmt":"2017-07-09T16:59:55","guid":{"rendered":"https:\/\/claire-hecquet-chaut.com\/?page_id=403\/"},"modified":"2017-07-09T19:02:13","modified_gmt":"2017-07-09T17:02:13","slug":"press","status":"publish","type":"page","link":"https:\/\/claire-hecquet-chaut.com\/en\/press\/","title":{"rendered":"Press"},"content":{"rendered":"<h2 class=\"chapo\">Clair Hecquet-Chaut Press Review<\/h2>\n    <div class=\"smblog_masonry_numcol\">\n        <div class=\"sm-grid sm-effect\" id=\"sm-grid-layout\">\n\n            \n                                    <div class=\"grid-sm-boxes-in post-1608\">\n                        <div class=\"grid-sm-border\">\n\n                            <a href=\"https:\/\/claire-hecquet-chaut.com\/en\/article-presse\/elle-deco-b\/\"><img decoding=\"async\" class=\"img-responsive\" src=\"https:\/\/claire-hecquet-chaut.com\/wp-content\/uploads\/2017\/08\/Elle-Deco-B.jpg\"><\/a>\n                                                                                        \n                            \n                        <\/div>\n                    <\/div>\n\n                            \n                                    <div class=\"grid-sm-boxes-in post-1604\">\n                        <div class=\"grid-sm-border\">\n\n                            <a href=\"https:\/\/claire-hecquet-chaut.com\/en\/article-presse\/elle-deco-a\/\"><img decoding=\"async\" class=\"img-responsive\" src=\"https:\/\/claire-hecquet-chaut.com\/wp-content\/uploads\/2017\/08\/Elle-Deco-A.jpg\"><\/a>\n                                                                                        \n                            \n                        <\/div>\n                    <\/div>\n\n                            \n                                    <div class=\"grid-sm-boxes-in post-1582\">\n                        <div class=\"grid-sm-border\">\n\n                            <a href=\"https:\/\/claire-hecquet-chaut.com\/en\/article-presse\/fhm-defile-marithe-francois-girbaud-collections-exclusives\/\"><img decoding=\"async\" class=\"img-responsive\" src=\"https:\/\/claire-hecquet-chaut.com\/wp-content\/uploads\/2017\/08\/FhM-d\u00e9fil\u00e9-collection-exclisive-Marith\u00e9-Fran\u00e7ois-girbaud-.jpg\"><\/a>\n                                                                                        \n                            \n                        <\/div>\n                    <\/div>\n\n                            \n                                    <div class=\"grid-sm-boxes-in post-1578\">\n                        <div class=\"grid-sm-border\">\n\n                            <a href=\"https:\/\/claire-hecquet-chaut.com\/en\/article-presse\/beaux-arts-2\/\"><img decoding=\"async\" class=\"img-responsive\" src=\"https:\/\/claire-hecquet-chaut.com\/wp-content\/uploads\/2017\/08\/Beaux-art-2.jpg\"><\/a>\n                                                                                        \n                            \n                        <\/div>\n                    <\/div>\n\n                            \n                                    <div class=\"grid-sm-boxes-in post-1574\">\n                        <div class=\"grid-sm-border\">\n\n                            <a href=\"https:\/\/claire-hecquet-chaut.com\/en\/article-presse\/beaux-art-1\/\"><img decoding=\"async\" class=\"img-responsive\" src=\"https:\/\/claire-hecquet-chaut.com\/wp-content\/uploads\/2017\/08\/beaux-arts-1.jpg\"><\/a>\n                                                                                        \n                            \n                        <\/div>\n                    <\/div>\n\n                            \n                                    <div class=\"grid-sm-boxes-in post-1569\">\n                        <div class=\"grid-sm-border\">\n\n                            <a href=\"https:\/\/claire-hecquet-chaut.com\/en\/article-presse\/elle-double-4\/\"><img decoding=\"async\" class=\"img-responsive\" src=\"https:\/\/claire-hecquet-chaut.com\/wp-content\/uploads\/2017\/08\/Elle-double-4.jpg\"><\/a>\n                                                                                        \n                            \n                        <\/div>\n                    <\/div>\n\n                            \n                                    <div class=\"grid-sm-boxes-in post-1564\">\n                        <div class=\"grid-sm-border\">\n\n                            <a href=\"https:\/\/claire-hecquet-chaut.com\/en\/article-presse\/double-page-1\/\"><img decoding=\"async\" class=\"img-responsive\" src=\"https:\/\/claire-hecquet-chaut.com\/wp-content\/uploads\/2017\/08\/Elle-double-1.jpg\"><\/a>\n                                                                                        \n                            \n                        <\/div>\n                    <\/div>\n\n                            \n                                    <div class=\"grid-sm-boxes-in post-1560\">\n                        <div class=\"grid-sm-border\">\n\n                            <a href=\"https:\/\/claire-hecquet-chaut.com\/en\/article-presse\/double-page-2-3\/\"><img decoding=\"async\" class=\"img-responsive\" src=\"https:\/\/claire-hecquet-chaut.com\/wp-content\/uploads\/2017\/08\/Elle-double-2et3.jpg\"><\/a>\n                                                                                        \n                            \n                        <\/div>\n                    <\/div>\n\n                            \n                                    <div class=\"grid-sm-boxes-in post-1546\">\n                        <div class=\"grid-sm-border\">\n\n                            <a href=\"https:\/\/claire-hecquet-chaut.com\/en\/article-presse\/marie-claire1-1\/\"><img decoding=\"async\" class=\"img-responsive\" src=\"https:\/\/claire-hecquet-chaut.com\/wp-content\/uploads\/2017\/08\/Marie-Claire-1.1.jpg\"><\/a>\n                                                                                        \n                            \n                        <\/div>\n                    <\/div>\n\n                            \n                                    <div class=\"grid-sm-boxes-in post-1542\">\n                        <div class=\"grid-sm-border\">\n\n                            <a href=\"https:\/\/claire-hecquet-chaut.com\/en\/article-presse\/marie-claire1-2\/\"><img decoding=\"async\" class=\"img-responsive\" src=\"https:\/\/claire-hecquet-chaut.com\/wp-content\/uploads\/2017\/08\/Marie-Claire-1.2.jpg\"><\/a>\n                                                                                        \n                            \n                        <\/div>\n                    <\/div>\n\n                            \n                                    <div class=\"grid-sm-boxes-in post-1538\">\n                        <div class=\"grid-sm-border\">\n\n                            <a href=\"https:\/\/claire-hecquet-chaut.com\/en\/article-presse\/marie-claire-idees-1\/\"><img decoding=\"async\" class=\"img-responsive\" src=\"https:\/\/claire-hecquet-chaut.com\/wp-content\/uploads\/2017\/08\/Marie-Claire-id\u00e9es-1.jpg\"><\/a>\n                                                                                        \n                            \n                        <\/div>\n                    <\/div>\n\n                            \n                                    <div class=\"grid-sm-boxes-in post-1534\">\n                        <div class=\"grid-sm-border\">\n\n                            <a href=\"https:\/\/claire-hecquet-chaut.com\/en\/article-presse\/marie-claire-idees-2\/\"><img decoding=\"async\" class=\"img-responsive\" src=\"https:\/\/claire-hecquet-chaut.com\/wp-content\/uploads\/2017\/08\/Marie-Claire-Id\u00e9es-2.jpg\"><\/a>\n                                                                                        \n                            \n                        <\/div>\n                    <\/div>\n\n                            \n                                    <div class=\"grid-sm-boxes-in post-1529\">\n                        <div class=\"grid-sm-border\">\n\n                            <a href=\"https:\/\/claire-hecquet-chaut.com\/en\/article-presse\/marie-claire-idees-b\/\"><img decoding=\"async\" class=\"img-responsive\" src=\"https:\/\/claire-hecquet-chaut.com\/wp-content\/uploads\/2017\/08\/Marie-Claire-id\u00e9es-B.jpg\"><\/a>\n                                                                                        \n                            \n                        <\/div>\n                    <\/div>\n\n                            \n                                    <div class=\"grid-sm-boxes-in post-1525\">\n                        <div class=\"grid-sm-border\">\n\n                            <a href=\"https:\/\/claire-hecquet-chaut.com\/en\/article-presse\/marie-claire-idees-a\/\"><img decoding=\"async\" class=\"img-responsive\" src=\"https:\/\/claire-hecquet-chaut.com\/wp-content\/uploads\/2017\/08\/Marie-Claire-Id\u00e9es-A.jpg\"><\/a>\n                                                                                        \n                            \n                        <\/div>\n                    <\/div>\n\n                            \n                                    <div class=\"grid-sm-boxes-in post-1521\">\n                        <div class=\"grid-sm-border\">\n\n                            <a href=\"https:\/\/claire-hecquet-chaut.com\/en\/article-presse\/esprit-femme-2\/\"><img decoding=\"async\" class=\"img-responsive\" src=\"https:\/\/claire-hecquet-chaut.com\/wp-content\/uploads\/2017\/08\/Esprit-femme-2.jpg\"><\/a>\n                                                                                        \n                            \n                        <\/div>\n                    <\/div>\n\n                            \n        <\/div>\n            <nav class='sm-pagination'><span aria-label=\"Page 1\" aria-current=\"page\" class=\"page-numbers current\">1<\/span>\n<a aria-label=\"Page 2\" class=\"page-numbers\" href=\"https:\/\/claire-hecquet-chaut.com\/en\/wp-json\/wp\/v2\/pages\/403\/page\/2\">2<\/a>\n<a aria-label=\"Page 3\" class=\"page-numbers\" href=\"https:\/\/claire-hecquet-chaut.com\/en\/wp-json\/wp\/v2\/pages\/403\/page\/3\">3<\/a>\n<a class=\"next page-numbers\" href=\"https:\/\/claire-hecquet-chaut.com\/en\/wp-json\/wp\/v2\/pages\/403\/page\/2\"><i class=\"fa fa-chevron-right\"><\/i><\/a><\/nav>    <\/div>\n\n","protected":false},"excerpt":{"rendered":"<p>Clair Hecquet-Chaut Press Review<\/p>\n","protected":false},"author":1,"featured_media":0,"parent":0,"menu_order":0,"comment_status":"closed","ping_status":"closed","template":"page-presse.php","meta":{"_acf_changed":false,"footnotes":""},"class_list":["post-403","page","type-page","status-publish","hentry"],"acf":[],"yoast_head":"<!-- This site is optimized with the Yoast SEO plugin v27.3 - https:\/\/yoast.com\/product\/yoast-seo-wordpress\/ -->\n<title>Press - Bijoux c\u00e9ramique Claire Hecquet-Chaut<\/title>\n<meta name=\"robots\" content=\"index, follow, max-snippet:-1, max-image-preview:large, max-video-preview:-1\" \/>\n<link rel=\"canonical\" href=\"https:\/\/claire-hecquet-chaut.com\/en\/press\/\" \/>\n<meta property=\"og:locale\" content=\"en_US\" \/>\n<meta property=\"og:type\" content=\"article\" \/>\n<meta property=\"og:title\" content=\"Press - Bijoux c\u00e9ramique Claire Hecquet-Chaut\" \/>\n<meta property=\"og:description\" content=\"Clair Hecquet-Chaut Press Review\" \/>\n<meta property=\"og:url\" content=\"https:\/\/claire-hecquet-chaut.com\/en\/press\/\" \/>\n<meta property=\"og:site_name\" content=\"Bijoux c\u00e9ramique Claire Hecquet-Chaut\" \/>\n<meta property=\"article:publisher\" content=\"https:\/\/www.facebook.com\/claire.hecquetchaut\" \/>\n<meta property=\"article:modified_time\" content=\"2017-07-09T17:02:13+00:00\" \/>\n<meta name=\"twitter:card\" content=\"summary_large_image\" \/>\n<meta name=\"twitter:site\" content=\"@c_hecquetchaut\" \/>\n<script type=\"application\/ld+json\" class=\"yoast-schema-graph\">{\"@context\":\"https:\\\/\\\/schema.org\",\"@graph\":[{\"@type\":\"WebPage\",\"@id\":\"https:\\\/\\\/claire-hecquet-chaut.com\\\/en\\\/press\\\/\",\"url\":\"https:\\\/\\\/claire-hecquet-chaut.com\\\/en\\\/press\\\/\",\"name\":\"Press - Bijoux c\u00e9ramique Claire Hecquet-Chaut\",\"isPartOf\":{\"@id\":\"https:\\\/\\\/claire-hecquet-chaut.com\\\/#website\"},\"datePublished\":\"2017-07-09T16:59:55+00:00\",\"dateModified\":\"2017-07-09T17:02:13+00:00\",\"breadcrumb\":{\"@id\":\"https:\\\/\\\/claire-hecquet-chaut.com\\\/en\\\/press\\\/#breadcrumb\"},\"inLanguage\":\"en-US\",\"potentialAction\":[{\"@type\":\"ReadAction\",\"target\":[\"https:\\\/\\\/claire-hecquet-chaut.com\\\/en\\\/press\\\/\"]}]},{\"@type\":\"BreadcrumbList\",\"@id\":\"https:\\\/\\\/claire-hecquet-chaut.com\\\/en\\\/press\\\/#breadcrumb\",\"itemListElement\":[{\"@type\":\"ListItem\",\"position\":1,\"name\":\"Accueil\",\"item\":\"https:\\\/\\\/claire-hecquet-chaut.com\\\/en\\\/\"},{\"@type\":\"ListItem\",\"position\":2,\"name\":\"Press\"}]},{\"@type\":\"WebSite\",\"@id\":\"https:\\\/\\\/claire-hecquet-chaut.com\\\/#website\",\"url\":\"https:\\\/\\\/claire-hecquet-chaut.com\\\/\",\"name\":\"Bijoux c\u00e9ramique Claire Hecquet-Chaut\",\"description\":\"Cr\u00e9ateur de bijoux en c\u00e9ramique depuis 1992\",\"publisher\":{\"@id\":\"https:\\\/\\\/claire-hecquet-chaut.com\\\/#organization\"},\"potentialAction\":[{\"@type\":\"SearchAction\",\"target\":{\"@type\":\"EntryPoint\",\"urlTemplate\":\"https:\\\/\\\/claire-hecquet-chaut.com\\\/?s={search_term_string}\"},\"query-input\":{\"@type\":\"PropertyValueSpecification\",\"valueRequired\":true,\"valueName\":\"search_term_string\"}}],\"inLanguage\":\"en-US\"},{\"@type\":\"Organization\",\"@id\":\"https:\\\/\\\/claire-hecquet-chaut.com\\\/#organization\",\"name\":\"Bijoux c\u00e9ramique Claire Hecquet-Chaut\",\"url\":\"https:\\\/\\\/claire-hecquet-chaut.com\\\/\",\"logo\":{\"@type\":\"ImageObject\",\"inLanguage\":\"en-US\",\"@id\":\"https:\\\/\\\/claire-hecquet-chaut.com\\\/#\\\/schema\\\/logo\\\/image\\\/\",\"url\":\"https:\\\/\\\/claire-hecquet-chaut.com\\\/wp-content\\\/uploads\\\/2017\\\/08\\\/lclaire-hecquet-chaut-bijoux-ceramique-france-logo.png\",\"contentUrl\":\"https:\\\/\\\/claire-hecquet-chaut.com\\\/wp-content\\\/uploads\\\/2017\\\/08\\\/lclaire-hecquet-chaut-bijoux-ceramique-france-logo.png\",\"width\":166,\"height\":166,\"caption\":\"Bijoux c\u00e9ramique Claire Hecquet-Chaut\"},\"image\":{\"@id\":\"https:\\\/\\\/claire-hecquet-chaut.com\\\/#\\\/schema\\\/logo\\\/image\\\/\"},\"sameAs\":[\"https:\\\/\\\/www.facebook.com\\\/claire.hecquetchaut\",\"https:\\\/\\\/x.com\\\/c_hecquetchaut\",\"https:\\\/\\\/www.instagram.com\\\/clairehecquetchaut\\\/\"]}]}<\/script>\n<!-- \/ Yoast SEO plugin. -->","yoast_head_json":{"title":"Press - Bijoux c\u00e9ramique Claire Hecquet-Chaut","robots":{"index":"index","follow":"follow","max-snippet":"max-snippet:-1","max-image-preview":"max-image-preview:large","max-video-preview":"max-video-preview:-1"},"canonical":"https:\/\/claire-hecquet-chaut.com\/en\/press\/","og_locale":"en_US","og_type":"article","og_title":"Press - Bijoux c\u00e9ramique Claire Hecquet-Chaut","og_description":"Clair Hecquet-Chaut Press Review","og_url":"https:\/\/claire-hecquet-chaut.com\/en\/press\/","og_site_name":"Bijoux c\u00e9ramique Claire Hecquet-Chaut","article_publisher":"https:\/\/www.facebook.com\/claire.hecquetchaut","article_modified_time":"2017-07-09T17:02:13+00:00","twitter_card":"summary_large_image","twitter_site":"@c_hecquetchaut","schema":{"@context":"https:\/\/schema.org","@graph":[{"@type":"WebPage","@id":"https:\/\/claire-hecquet-chaut.com\/en\/press\/","url":"https:\/\/claire-hecquet-chaut.com\/en\/press\/","name":"Press - Bijoux c\u00e9ramique Claire Hecquet-Chaut","isPartOf":{"@id":"https:\/\/claire-hecquet-chaut.com\/#website"},"datePublished":"2017-07-09T16:59:55+00:00","dateModified":"2017-07-09T17:02:13+00:00","breadcrumb":{"@id":"https:\/\/claire-hecquet-chaut.com\/en\/press\/#breadcrumb"},"inLanguage":"en-US","potentialAction":[{"@type":"ReadAction","target":["https:\/\/claire-hecquet-chaut.com\/en\/press\/"]}]},{"@type":"BreadcrumbList","@id":"https:\/\/claire-hecquet-chaut.com\/en\/press\/#breadcrumb","itemListElement":[{"@type":"ListItem","position":1,"name":"Accueil","item":"https:\/\/claire-hecquet-chaut.com\/en\/"},{"@type":"ListItem","position":2,"name":"Press"}]},{"@type":"WebSite","@id":"https:\/\/claire-hecquet-chaut.com\/#website","url":"https:\/\/claire-hecquet-chaut.com\/","name":"Bijoux c\u00e9ramique Claire Hecquet-Chaut","description":"Cr\u00e9ateur de bijoux en c\u00e9ramique depuis 1992","publisher":{"@id":"https:\/\/claire-hecquet-chaut.com\/#organization"},"potentialAction":[{"@type":"SearchAction","target":{"@type":"EntryPoint","urlTemplate":"https:\/\/claire-hecquet-chaut.com\/?s={search_term_string}"},"query-input":{"@type":"PropertyValueSpecification","valueRequired":true,"valueName":"search_term_string"}}],"inLanguage":"en-US"},{"@type":"Organization","@id":"https:\/\/claire-hecquet-chaut.com\/#organization","name":"Bijoux c\u00e9ramique Claire Hecquet-Chaut","url":"https:\/\/claire-hecquet-chaut.com\/","logo":{"@type":"ImageObject","inLanguage":"en-US","@id":"https:\/\/claire-hecquet-chaut.com\/#\/schema\/logo\/image\/","url":"https:\/\/claire-hecquet-chaut.com\/wp-content\/uploads\/2017\/08\/lclaire-hecquet-chaut-bijoux-ceramique-france-logo.png","contentUrl":"https:\/\/claire-hecquet-chaut.com\/wp-content\/uploads\/2017\/08\/lclaire-hecquet-chaut-bijoux-ceramique-france-logo.png","width":166,"height":166,"caption":"Bijoux c\u00e9ramique Claire Hecquet-Chaut"},"image":{"@id":"https:\/\/claire-hecquet-chaut.com\/#\/schema\/logo\/image\/"},"sameAs":["https:\/\/www.facebook.com\/claire.hecquetchaut","https:\/\/x.com\/c_hecquetchaut","https:\/\/www.instagram.com\/clairehecquetchaut\/"]}]}},"_links":{"self":[{"href":"https:\/\/claire-hecquet-chaut.com\/en\/wp-json\/wp\/v2\/pages\/403","targetHints":{"allow":["GET"]}}],"collection":[{"href":"https:\/\/claire-hecquet-chaut.com\/en\/wp-json\/wp\/v2\/pages"}],"about":[{"href":"https:\/\/claire-hecquet-chaut.com\/en\/wp-json\/wp\/v2\/types\/page"}],"author":[{"embeddable":true,"href":"https:\/\/claire-hecquet-chaut.com\/en\/wp-json\/wp\/v2\/users\/1"}],"replies":[{"embeddable":true,"href":"https:\/\/claire-hecquet-chaut.com\/en\/wp-json\/wp\/v2\/comments?post=403"}],"version-history":[{"count":4,"href":"https:\/\/claire-hecquet-chaut.com\/en\/wp-json\/wp\/v2\/pages\/403\/revisions"}],"predecessor-version":[{"id":407,"href":"https:\/\/claire-hecquet-chaut.com\/en\/wp-json\/wp\/v2\/pages\/403\/revisions\/407"}],"wp:attachment":[{"href":"https:\/\/claire-hecquet-chaut.com\/en\/wp-json\/wp\/v2\/media?parent=403"}],"curies":[{"name":"wp","href":"https:\/\/api.w.org\/{rel}","templated":true}]}}