{"id":325,"date":"2017-07-07T04:07:22","date_gmt":"2017-07-07T02:07:22","guid":{"rendered":"https:\/\/claire-hecquet-chaut.com\/?page_id=325\/"},"modified":"2017-07-31T23:16:51","modified_gmt":"2017-07-31T21:16:51","slug":"claire-hecquet-chaut-ceramic-jewelry-designer","status":"publish","type":"page","link":"https:\/\/claire-hecquet-chaut.com\/en\/claire-hecquet-chaut-ceramic-jewelry-designer\/","title":{"rendered":"Claire Hecquet-Chaut, Ceramic Jewelry Designer"},"content":{"rendered":"<h2 class=\"chapo\">Claire Hecquet-Chaut is a French ceramic jewelry designer. This Parisian is mixing fashion and color sense with ceramic kwow-how and trade specificity. Followed by faithful customers, she cultivates confidentiality.<\/h2>\n<p>To discover on this website, her blog or Instagram, Claire Hecquet-Chaut ceramic jewelry accessories between Luxury and Craft.<\/p>\n<h2>Fashion heritage<\/h2>\n<p>Claire Hecquet-Chaut ceramic jewelry designer started clay in her childhood. At French Chateau de Lalande castle, in a very relaxed atmosphere, she made her first ceramic work \u00a0: already beads. The material nobility and its physical dimension inspired her.<\/p>\n<p>Later, her granny Claire communicated her love for life, the french chic codes and also an indispensable touch of eccentricity. Together, they use to choose new fabrics for Claire senior&#8217;s \u00a0old dressmakers, tu run to Paris flea market looking for a special hat, to imagine garden furnitures new colors&#8230;not matter the value the most important thing was to have fun.<\/p>\n<p>This strong fashion culture, along with her determined character make her choosing Art and Ceramic for ever. Studying ceramic at Olivier de Serres \u00a0National Applied Art School, and glass at Decorative Strasbourg National Art School, then she made her experience in Fashion and Home Decoration (Promostyl trend office, Isabel Marant, Astier de Villatte, Kenzo Parfums, M&amp;F Girbaud, Les Emaux de Longwy&#8230;).<\/p>\n","protected":false},"excerpt":{"rendered":"<p>Claire Hecquet-Chaut is a French ceramic jewelry designer. This Parisian is mixing fashion and color sense with ceramic kwow-how and trade specificity. Followed by faithful customers, she cultivates confidentiality. To discover on this website, her blog or Instagram, Claire Hecquet-Chaut ceramic jewelry accessories between Luxury and Craft. Fashion heritage Claire Hecquet-Chaut ceramic jewelry designer started [&hellip;]<\/p>\n","protected":false},"author":1,"featured_media":0,"parent":0,"menu_order":0,"comment_status":"closed","ping_status":"closed","template":"page-chc.php","meta":{"_acf_changed":false,"footnotes":""},"class_list":["post-325","page","type-page","status-publish","hentry"],"acf":[],"yoast_head":"<!-- This site is optimized with the Yoast SEO plugin v27.3 - https:\/\/yoast.com\/product\/yoast-seo-wordpress\/ -->\n<title>Claire Hecquet-Chaut, Ceramic Jewelry Designer - Bijoux c\u00e9ramique Claire Hecquet-Chaut<\/title>\n<meta name=\"description\" content=\"Claire Hecquet-Chaut is a French ceramic jewelry designer. This Parisian is mixing fashion and color sense with ceramic kwow-how and trade specificity.\" \/>\n<meta name=\"robots\" content=\"index, follow, max-snippet:-1, max-image-preview:large, max-video-preview:-1\" \/>\n<link rel=\"canonical\" href=\"https:\/\/claire-hecquet-chaut.com\/en\/claire-hecquet-chaut-ceramic-jewelry-designer\/\" \/>\n<meta property=\"og:locale\" content=\"en_US\" \/>\n<meta property=\"og:type\" content=\"article\" \/>\n<meta property=\"og:title\" content=\"Claire Hecquet-Chaut, Ceramic Jewelry Designer - Bijoux c\u00e9ramique Claire Hecquet-Chaut\" \/>\n<meta property=\"og:description\" content=\"Claire Hecquet-Chaut is a French ceramic jewelry designer. This Parisian is mixing fashion and color sense with ceramic kwow-how and trade specificity.\" \/>\n<meta property=\"og:url\" content=\"https:\/\/claire-hecquet-chaut.com\/en\/claire-hecquet-chaut-ceramic-jewelry-designer\/\" \/>\n<meta property=\"og:site_name\" content=\"Bijoux c\u00e9ramique Claire Hecquet-Chaut\" \/>\n<meta property=\"article:publisher\" content=\"https:\/\/www.facebook.com\/claire.hecquetchaut\" \/>\n<meta property=\"article:modified_time\" content=\"2017-07-31T21:16:51+00:00\" \/>\n<meta name=\"twitter:card\" content=\"summary_large_image\" \/>\n<meta name=\"twitter:site\" content=\"@c_hecquetchaut\" \/>\n<meta name=\"twitter:label1\" content=\"Est. reading time\" \/>\n\t<meta name=\"twitter:data1\" content=\"1 minute\" \/>\n<script type=\"application\/ld+json\" class=\"yoast-schema-graph\">{\"@context\":\"https:\\\/\\\/schema.org\",\"@graph\":[{\"@type\":\"WebPage\",\"@id\":\"https:\\\/\\\/claire-hecquet-chaut.com\\\/en\\\/claire-hecquet-chaut-ceramic-jewelry-designer\\\/\",\"url\":\"https:\\\/\\\/claire-hecquet-chaut.com\\\/en\\\/claire-hecquet-chaut-ceramic-jewelry-designer\\\/\",\"name\":\"Claire Hecquet-Chaut, Ceramic Jewelry Designer - Bijoux c\u00e9ramique Claire Hecquet-Chaut\",\"isPartOf\":{\"@id\":\"https:\\\/\\\/claire-hecquet-chaut.com\\\/#website\"},\"datePublished\":\"2017-07-07T02:07:22+00:00\",\"dateModified\":\"2017-07-31T21:16:51+00:00\",\"description\":\"Claire Hecquet-Chaut is a French ceramic jewelry designer. This Parisian is mixing fashion and color sense with ceramic kwow-how and trade specificity.\",\"breadcrumb\":{\"@id\":\"https:\\\/\\\/claire-hecquet-chaut.com\\\/en\\\/claire-hecquet-chaut-ceramic-jewelry-designer\\\/#breadcrumb\"},\"inLanguage\":\"en-US\",\"potentialAction\":[{\"@type\":\"ReadAction\",\"target\":[\"https:\\\/\\\/claire-hecquet-chaut.com\\\/en\\\/claire-hecquet-chaut-ceramic-jewelry-designer\\\/\"]}]},{\"@type\":\"BreadcrumbList\",\"@id\":\"https:\\\/\\\/claire-hecquet-chaut.com\\\/en\\\/claire-hecquet-chaut-ceramic-jewelry-designer\\\/#breadcrumb\",\"itemListElement\":[{\"@type\":\"ListItem\",\"position\":1,\"name\":\"Accueil\",\"item\":\"https:\\\/\\\/claire-hecquet-chaut.com\\\/en\\\/\"},{\"@type\":\"ListItem\",\"position\":2,\"name\":\"Claire Hecquet-Chaut, Ceramic Jewelry Designer\"}]},{\"@type\":\"WebSite\",\"@id\":\"https:\\\/\\\/claire-hecquet-chaut.com\\\/#website\",\"url\":\"https:\\\/\\\/claire-hecquet-chaut.com\\\/\",\"name\":\"Bijoux c\u00e9ramique Claire Hecquet-Chaut\",\"description\":\"Cr\u00e9ateur de bijoux en c\u00e9ramique depuis 1992\",\"publisher\":{\"@id\":\"https:\\\/\\\/claire-hecquet-chaut.com\\\/#organization\"},\"potentialAction\":[{\"@type\":\"SearchAction\",\"target\":{\"@type\":\"EntryPoint\",\"urlTemplate\":\"https:\\\/\\\/claire-hecquet-chaut.com\\\/?s={search_term_string}\"},\"query-input\":{\"@type\":\"PropertyValueSpecification\",\"valueRequired\":true,\"valueName\":\"search_term_string\"}}],\"inLanguage\":\"en-US\"},{\"@type\":\"Organization\",\"@id\":\"https:\\\/\\\/claire-hecquet-chaut.com\\\/#organization\",\"name\":\"Bijoux c\u00e9ramique Claire Hecquet-Chaut\",\"url\":\"https:\\\/\\\/claire-hecquet-chaut.com\\\/\",\"logo\":{\"@type\":\"ImageObject\",\"inLanguage\":\"en-US\",\"@id\":\"https:\\\/\\\/claire-hecquet-chaut.com\\\/#\\\/schema\\\/logo\\\/image\\\/\",\"url\":\"https:\\\/\\\/claire-hecquet-chaut.com\\\/wp-content\\\/uploads\\\/2017\\\/08\\\/lclaire-hecquet-chaut-bijoux-ceramique-france-logo.png\",\"contentUrl\":\"https:\\\/\\\/claire-hecquet-chaut.com\\\/wp-content\\\/uploads\\\/2017\\\/08\\\/lclaire-hecquet-chaut-bijoux-ceramique-france-logo.png\",\"width\":166,\"height\":166,\"caption\":\"Bijoux c\u00e9ramique Claire Hecquet-Chaut\"},\"image\":{\"@id\":\"https:\\\/\\\/claire-hecquet-chaut.com\\\/#\\\/schema\\\/logo\\\/image\\\/\"},\"sameAs\":[\"https:\\\/\\\/www.facebook.com\\\/claire.hecquetchaut\",\"https:\\\/\\\/x.com\\\/c_hecquetchaut\",\"https:\\\/\\\/www.instagram.com\\\/clairehecquetchaut\\\/\"]}]}<\/script>\n<!-- \/ Yoast SEO plugin. -->","yoast_head_json":{"title":"Claire Hecquet-Chaut, Ceramic Jewelry Designer - Bijoux c\u00e9ramique Claire Hecquet-Chaut","description":"Claire Hecquet-Chaut is a French ceramic jewelry designer. This Parisian is mixing fashion and color sense with ceramic kwow-how and trade specificity.","robots":{"index":"index","follow":"follow","max-snippet":"max-snippet:-1","max-image-preview":"max-image-preview:large","max-video-preview":"max-video-preview:-1"},"canonical":"https:\/\/claire-hecquet-chaut.com\/en\/claire-hecquet-chaut-ceramic-jewelry-designer\/","og_locale":"en_US","og_type":"article","og_title":"Claire Hecquet-Chaut, Ceramic Jewelry Designer - Bijoux c\u00e9ramique Claire Hecquet-Chaut","og_description":"Claire Hecquet-Chaut is a French ceramic jewelry designer. This Parisian is mixing fashion and color sense with ceramic kwow-how and trade specificity.","og_url":"https:\/\/claire-hecquet-chaut.com\/en\/claire-hecquet-chaut-ceramic-jewelry-designer\/","og_site_name":"Bijoux c\u00e9ramique Claire Hecquet-Chaut","article_publisher":"https:\/\/www.facebook.com\/claire.hecquetchaut","article_modified_time":"2017-07-31T21:16:51+00:00","twitter_card":"summary_large_image","twitter_site":"@c_hecquetchaut","twitter_misc":{"Est. reading time":"1 minute"},"schema":{"@context":"https:\/\/schema.org","@graph":[{"@type":"WebPage","@id":"https:\/\/claire-hecquet-chaut.com\/en\/claire-hecquet-chaut-ceramic-jewelry-designer\/","url":"https:\/\/claire-hecquet-chaut.com\/en\/claire-hecquet-chaut-ceramic-jewelry-designer\/","name":"Claire Hecquet-Chaut, Ceramic Jewelry Designer - Bijoux c\u00e9ramique Claire Hecquet-Chaut","isPartOf":{"@id":"https:\/\/claire-hecquet-chaut.com\/#website"},"datePublished":"2017-07-07T02:07:22+00:00","dateModified":"2017-07-31T21:16:51+00:00","description":"Claire Hecquet-Chaut is a French ceramic jewelry designer. This Parisian is mixing fashion and color sense with ceramic kwow-how and trade specificity.","breadcrumb":{"@id":"https:\/\/claire-hecquet-chaut.com\/en\/claire-hecquet-chaut-ceramic-jewelry-designer\/#breadcrumb"},"inLanguage":"en-US","potentialAction":[{"@type":"ReadAction","target":["https:\/\/claire-hecquet-chaut.com\/en\/claire-hecquet-chaut-ceramic-jewelry-designer\/"]}]},{"@type":"BreadcrumbList","@id":"https:\/\/claire-hecquet-chaut.com\/en\/claire-hecquet-chaut-ceramic-jewelry-designer\/#breadcrumb","itemListElement":[{"@type":"ListItem","position":1,"name":"Accueil","item":"https:\/\/claire-hecquet-chaut.com\/en\/"},{"@type":"ListItem","position":2,"name":"Claire Hecquet-Chaut, Ceramic Jewelry Designer"}]},{"@type":"WebSite","@id":"https:\/\/claire-hecquet-chaut.com\/#website","url":"https:\/\/claire-hecquet-chaut.com\/","name":"Bijoux c\u00e9ramique Claire Hecquet-Chaut","description":"Cr\u00e9ateur de bijoux en c\u00e9ramique depuis 1992","publisher":{"@id":"https:\/\/claire-hecquet-chaut.com\/#organization"},"potentialAction":[{"@type":"SearchAction","target":{"@type":"EntryPoint","urlTemplate":"https:\/\/claire-hecquet-chaut.com\/?s={search_term_string}"},"query-input":{"@type":"PropertyValueSpecification","valueRequired":true,"valueName":"search_term_string"}}],"inLanguage":"en-US"},{"@type":"Organization","@id":"https:\/\/claire-hecquet-chaut.com\/#organization","name":"Bijoux c\u00e9ramique Claire Hecquet-Chaut","url":"https:\/\/claire-hecquet-chaut.com\/","logo":{"@type":"ImageObject","inLanguage":"en-US","@id":"https:\/\/claire-hecquet-chaut.com\/#\/schema\/logo\/image\/","url":"https:\/\/claire-hecquet-chaut.com\/wp-content\/uploads\/2017\/08\/lclaire-hecquet-chaut-bijoux-ceramique-france-logo.png","contentUrl":"https:\/\/claire-hecquet-chaut.com\/wp-content\/uploads\/2017\/08\/lclaire-hecquet-chaut-bijoux-ceramique-france-logo.png","width":166,"height":166,"caption":"Bijoux c\u00e9ramique Claire Hecquet-Chaut"},"image":{"@id":"https:\/\/claire-hecquet-chaut.com\/#\/schema\/logo\/image\/"},"sameAs":["https:\/\/www.facebook.com\/claire.hecquetchaut","https:\/\/x.com\/c_hecquetchaut","https:\/\/www.instagram.com\/clairehecquetchaut\/"]}]}},"_links":{"self":[{"href":"https:\/\/claire-hecquet-chaut.com\/en\/wp-json\/wp\/v2\/pages\/325","targetHints":{"allow":["GET"]}}],"collection":[{"href":"https:\/\/claire-hecquet-chaut.com\/en\/wp-json\/wp\/v2\/pages"}],"about":[{"href":"https:\/\/claire-hecquet-chaut.com\/en\/wp-json\/wp\/v2\/types\/page"}],"author":[{"embeddable":true,"href":"https:\/\/claire-hecquet-chaut.com\/en\/wp-json\/wp\/v2\/users\/1"}],"replies":[{"embeddable":true,"href":"https:\/\/claire-hecquet-chaut.com\/en\/wp-json\/wp\/v2\/comments?post=325"}],"version-history":[{"count":14,"href":"https:\/\/claire-hecquet-chaut.com\/en\/wp-json\/wp\/v2\/pages\/325\/revisions"}],"predecessor-version":[{"id":1405,"href":"https:\/\/claire-hecquet-chaut.com\/en\/wp-json\/wp\/v2\/pages\/325\/revisions\/1405"}],"wp:attachment":[{"href":"https:\/\/claire-hecquet-chaut.com\/en\/wp-json\/wp\/v2\/media?parent=325"}],"curies":[{"name":"wp","href":"https:\/\/api.w.org\/{rel}","templated":true}]}}