{"id":233,"date":"2017-07-04T21:59:07","date_gmt":"2017-07-04T19:59:07","guid":{"rendered":"https:\/\/claire-hecquet-chaut.com\/shop\/"},"modified":"2017-09-05T01:20:21","modified_gmt":"2017-09-04T23:20:21","slug":"shop","status":"publish","type":"page","link":"https:\/\/claire-hecquet-chaut.com\/en\/","title":{"rendered":"Shop"},"content":{"rendered":"<h1><strong>Claire Hecquet-Chaut Handcraft ceramic jewelry collections.<\/strong><\/h1>\n<h2 class=\"chapo\">Claire Hecquet-Chaut hand crafted ceramic jewelry are timeless emotional creations. Rosary or Grigri jewelry are always in the air. Each creation is different from the others. As beads are hand made (in France) in an old traditional way. Resulting a strong personality jewelry with refined details ans soft touch.<\/h2>\n<h2>A both noble and raw material<\/h2>\n<p>Ceramic, thanks to eternity offered by firing, leads us to think before adding earrings, bracelets, necklaces, new jewelry to the world. That \u2018s how Claire Hecquet-Chaut Hand crafted ceramic jewelry collections have their <strong>roots<\/strong> in classical <strong>fashion heritage<\/strong>\u00a0: French natural chic. In this way, they are not fantasy, but more meaninfull creation while asuming a certain frivolity.<\/p>\n<p>More over, ceramic material, by its making process itself, pushes us out of the quick time. It is imposing its own rythm. That\u2019s how Claire Hecquet-Chaut Hand crafted ceramic jewelry collections are done respecting traditional \u00ab\u00a0<strong>savoir-faire<\/strong>\u00a0\u00bb\u00a0: hand made modeling and polishing, firings about 1000 degres, craft enameling, second firing, and then setting with dark brass.<\/p>\n<p>As a result from this long process and \u00ab\u00a0fire proofs\u00a0\u00bb\u00a0: a certain nobelty. To be add\u00a0: each bead\u00a0 going through this extrem development finally enhances its density, its <strong>softness<\/strong> and become sensual to worn.<\/p>\n<h2>Claire Hecquet-Chaut handcrafted ceramic jewelry<\/h2>\n<p>In her collections, the designer <strong>sublimates the unexpected detail<\/strong> or small accident which will constitute each creation\u2019s identity and provide emotion.<\/p>\n<p>The exact color is another of her favorite working line. With a <strong>very rich color range<\/strong> from over 15 years searching and trying and still \u00ab\u00a0work in progresss\u00a0\u00bb. Claire Hecquet-Chaut hand crafted ceramic jewelry are offering a real added value. Opening possibility to wear a subtle <strong>unique jewel,<\/strong> and to personalise it..<\/p>\n<p>Additionally to this wide color range\u00a0: a real softness to wear. With a material following skin temperature, each bead is soft touch. And each jewel invites dreaming. This softness is like a strenght symbol when we know that each bead is cooked more than 1000 degres.<\/p>\n<p>Claire Hecquet-Chaut hand crafted ceramic jewelry are <strong>real craft luxury.<\/strong><\/p>\n","protected":false},"excerpt":{"rendered":"<p>Claire Hecquet-Chaut Handcraft ceramic jewelry collections. Claire Hecquet-Chaut hand crafted ceramic jewelry are timeless emotional creations. Rosary or Grigri jewelry are always in the air. Each creation is different from the others. As beads are hand made (in France) in an old traditional way. Resulting a strong personality jewelry with refined details ans soft touch. [&hellip;]<\/p>\n","protected":false},"author":1,"featured_media":0,"parent":0,"menu_order":0,"comment_status":"closed","ping_status":"closed","template":"","meta":{"_acf_changed":false,"footnotes":""},"class_list":["post-233","page","type-page","status-publish","hentry"],"acf":[],"yoast_head":"<!-- This site is optimized with the Yoast SEO plugin v27.4 - https:\/\/yoast.com\/product\/yoast-seo-wordpress\/ -->\n<title>Shop, Claire Hecquet-Chaut handcrafted ceramic jewelry made in France,<\/title>\n<meta name=\"description\" content=\"Claire Hecquet-Chaut hand crafted ceramic jewelry are timeless emotional creations. For a classical off beat style, in wide sophisticated color range.\" \/>\n<meta name=\"robots\" content=\"index, follow, max-snippet:-1, max-image-preview:large, max-video-preview:-1\" \/>\n<link rel=\"canonical\" href=\"https:\/\/claire-hecquet-chaut.com\/en\/\" \/>\n<meta property=\"og:locale\" content=\"en_US\" \/>\n<meta property=\"og:type\" content=\"article\" \/>\n<meta property=\"og:title\" content=\"Shop, Claire Hecquet-Chaut handcrafted ceramic jewelry made in France,\" \/>\n<meta property=\"og:description\" content=\"Claire Hecquet-Chaut hand crafted ceramic jewelry are timeless emotional creations. For a classical off beat style, in wide sophisticated color range.\" \/>\n<meta property=\"og:url\" content=\"https:\/\/claire-hecquet-chaut.com\/en\/\" \/>\n<meta property=\"og:site_name\" content=\"Bijoux c\u00e9ramique Claire Hecquet-Chaut\" \/>\n<meta property=\"article:publisher\" content=\"https:\/\/www.facebook.com\/claire.hecquetchaut\" \/>\n<meta property=\"article:modified_time\" content=\"2017-09-04T23:20:21+00:00\" \/>\n<meta name=\"twitter:card\" content=\"summary_large_image\" \/>\n<meta name=\"twitter:site\" content=\"@c_hecquetchaut\" \/>\n<meta name=\"twitter:label1\" content=\"Est. reading time\" \/>\n\t<meta name=\"twitter:data1\" content=\"2 minutes\" \/>\n<script type=\"application\/ld+json\" class=\"yoast-schema-graph\">{\"@context\":\"https:\\\/\\\/schema.org\",\"@graph\":[{\"@type\":\"WebPage\",\"@id\":\"https:\\\/\\\/claire-hecquet-chaut.com\\\/en\\\/\",\"url\":\"https:\\\/\\\/claire-hecquet-chaut.com\\\/en\\\/\",\"name\":\"Shop, Claire Hecquet-Chaut handcrafted ceramic jewelry made in France,\",\"isPartOf\":{\"@id\":\"https:\\\/\\\/claire-hecquet-chaut.com\\\/#website\"},\"datePublished\":\"2017-07-04T19:59:07+00:00\",\"dateModified\":\"2017-09-04T23:20:21+00:00\",\"description\":\"Claire Hecquet-Chaut hand crafted ceramic jewelry are timeless emotional creations. For a classical off beat style, in wide sophisticated color range.\",\"breadcrumb\":{\"@id\":\"https:\\\/\\\/claire-hecquet-chaut.com\\\/en\\\/#breadcrumb\"},\"inLanguage\":\"en-US\",\"potentialAction\":[{\"@type\":\"ReadAction\",\"target\":[\"https:\\\/\\\/claire-hecquet-chaut.com\\\/en\\\/\"]}]},{\"@type\":\"BreadcrumbList\",\"@id\":\"https:\\\/\\\/claire-hecquet-chaut.com\\\/en\\\/#breadcrumb\",\"itemListElement\":[{\"@type\":\"ListItem\",\"position\":1,\"name\":\"Accueil\",\"item\":\"https:\\\/\\\/claire-hecquet-chaut.com\\\/en\\\/\"},{\"@type\":\"ListItem\",\"position\":2,\"name\":\"Shop\"}]},{\"@type\":\"WebSite\",\"@id\":\"https:\\\/\\\/claire-hecquet-chaut.com\\\/#website\",\"url\":\"https:\\\/\\\/claire-hecquet-chaut.com\\\/\",\"name\":\"Bijoux c\u00e9ramique Claire Hecquet-Chaut\",\"description\":\"Cr\u00e9ateur de bijoux en c\u00e9ramique depuis 1992\",\"publisher\":{\"@id\":\"https:\\\/\\\/claire-hecquet-chaut.com\\\/#organization\"},\"potentialAction\":[{\"@type\":\"SearchAction\",\"target\":{\"@type\":\"EntryPoint\",\"urlTemplate\":\"https:\\\/\\\/claire-hecquet-chaut.com\\\/?s={search_term_string}\"},\"query-input\":{\"@type\":\"PropertyValueSpecification\",\"valueRequired\":true,\"valueName\":\"search_term_string\"}}],\"inLanguage\":\"en-US\"},{\"@type\":\"Organization\",\"@id\":\"https:\\\/\\\/claire-hecquet-chaut.com\\\/#organization\",\"name\":\"Bijoux c\u00e9ramique Claire Hecquet-Chaut\",\"url\":\"https:\\\/\\\/claire-hecquet-chaut.com\\\/\",\"logo\":{\"@type\":\"ImageObject\",\"inLanguage\":\"en-US\",\"@id\":\"https:\\\/\\\/claire-hecquet-chaut.com\\\/#\\\/schema\\\/logo\\\/image\\\/\",\"url\":\"https:\\\/\\\/claire-hecquet-chaut.com\\\/wp-content\\\/uploads\\\/2017\\\/08\\\/lclaire-hecquet-chaut-bijoux-ceramique-france-logo.png\",\"contentUrl\":\"https:\\\/\\\/claire-hecquet-chaut.com\\\/wp-content\\\/uploads\\\/2017\\\/08\\\/lclaire-hecquet-chaut-bijoux-ceramique-france-logo.png\",\"width\":166,\"height\":166,\"caption\":\"Bijoux c\u00e9ramique Claire Hecquet-Chaut\"},\"image\":{\"@id\":\"https:\\\/\\\/claire-hecquet-chaut.com\\\/#\\\/schema\\\/logo\\\/image\\\/\"},\"sameAs\":[\"https:\\\/\\\/www.facebook.com\\\/claire.hecquetchaut\",\"https:\\\/\\\/x.com\\\/c_hecquetchaut\",\"https:\\\/\\\/www.instagram.com\\\/clairehecquetchaut\\\/\"]}]}<\/script>\n<!-- \/ Yoast SEO plugin. -->","yoast_head_json":{"title":"Shop, Claire Hecquet-Chaut handcrafted ceramic jewelry made in France,","description":"Claire Hecquet-Chaut hand crafted ceramic jewelry are timeless emotional creations. For a classical off beat style, in wide sophisticated color range.","robots":{"index":"index","follow":"follow","max-snippet":"max-snippet:-1","max-image-preview":"max-image-preview:large","max-video-preview":"max-video-preview:-1"},"canonical":"https:\/\/claire-hecquet-chaut.com\/en\/","og_locale":"en_US","og_type":"article","og_title":"Shop, Claire Hecquet-Chaut handcrafted ceramic jewelry made in France,","og_description":"Claire Hecquet-Chaut hand crafted ceramic jewelry are timeless emotional creations. For a classical off beat style, in wide sophisticated color range.","og_url":"https:\/\/claire-hecquet-chaut.com\/en\/","og_site_name":"Bijoux c\u00e9ramique Claire Hecquet-Chaut","article_publisher":"https:\/\/www.facebook.com\/claire.hecquetchaut","article_modified_time":"2017-09-04T23:20:21+00:00","twitter_card":"summary_large_image","twitter_site":"@c_hecquetchaut","twitter_misc":{"Est. reading time":"2 minutes"},"schema":{"@context":"https:\/\/schema.org","@graph":[{"@type":"WebPage","@id":"https:\/\/claire-hecquet-chaut.com\/en\/","url":"https:\/\/claire-hecquet-chaut.com\/en\/","name":"Shop, Claire Hecquet-Chaut handcrafted ceramic jewelry made in France,","isPartOf":{"@id":"https:\/\/claire-hecquet-chaut.com\/#website"},"datePublished":"2017-07-04T19:59:07+00:00","dateModified":"2017-09-04T23:20:21+00:00","description":"Claire Hecquet-Chaut hand crafted ceramic jewelry are timeless emotional creations. For a classical off beat style, in wide sophisticated color range.","breadcrumb":{"@id":"https:\/\/claire-hecquet-chaut.com\/en\/#breadcrumb"},"inLanguage":"en-US","potentialAction":[{"@type":"ReadAction","target":["https:\/\/claire-hecquet-chaut.com\/en\/"]}]},{"@type":"BreadcrumbList","@id":"https:\/\/claire-hecquet-chaut.com\/en\/#breadcrumb","itemListElement":[{"@type":"ListItem","position":1,"name":"Accueil","item":"https:\/\/claire-hecquet-chaut.com\/en\/"},{"@type":"ListItem","position":2,"name":"Shop"}]},{"@type":"WebSite","@id":"https:\/\/claire-hecquet-chaut.com\/#website","url":"https:\/\/claire-hecquet-chaut.com\/","name":"Bijoux c\u00e9ramique Claire Hecquet-Chaut","description":"Cr\u00e9ateur de bijoux en c\u00e9ramique depuis 1992","publisher":{"@id":"https:\/\/claire-hecquet-chaut.com\/#organization"},"potentialAction":[{"@type":"SearchAction","target":{"@type":"EntryPoint","urlTemplate":"https:\/\/claire-hecquet-chaut.com\/?s={search_term_string}"},"query-input":{"@type":"PropertyValueSpecification","valueRequired":true,"valueName":"search_term_string"}}],"inLanguage":"en-US"},{"@type":"Organization","@id":"https:\/\/claire-hecquet-chaut.com\/#organization","name":"Bijoux c\u00e9ramique Claire Hecquet-Chaut","url":"https:\/\/claire-hecquet-chaut.com\/","logo":{"@type":"ImageObject","inLanguage":"en-US","@id":"https:\/\/claire-hecquet-chaut.com\/#\/schema\/logo\/image\/","url":"https:\/\/claire-hecquet-chaut.com\/wp-content\/uploads\/2017\/08\/lclaire-hecquet-chaut-bijoux-ceramique-france-logo.png","contentUrl":"https:\/\/claire-hecquet-chaut.com\/wp-content\/uploads\/2017\/08\/lclaire-hecquet-chaut-bijoux-ceramique-france-logo.png","width":166,"height":166,"caption":"Bijoux c\u00e9ramique Claire Hecquet-Chaut"},"image":{"@id":"https:\/\/claire-hecquet-chaut.com\/#\/schema\/logo\/image\/"},"sameAs":["https:\/\/www.facebook.com\/claire.hecquetchaut","https:\/\/x.com\/c_hecquetchaut","https:\/\/www.instagram.com\/clairehecquetchaut\/"]}]}},"_links":{"self":[{"href":"https:\/\/claire-hecquet-chaut.com\/en\/wp-json\/wp\/v2\/pages\/233","targetHints":{"allow":["GET"]}}],"collection":[{"href":"https:\/\/claire-hecquet-chaut.com\/en\/wp-json\/wp\/v2\/pages"}],"about":[{"href":"https:\/\/claire-hecquet-chaut.com\/en\/wp-json\/wp\/v2\/types\/page"}],"author":[{"embeddable":true,"href":"https:\/\/claire-hecquet-chaut.com\/en\/wp-json\/wp\/v2\/users\/1"}],"replies":[{"embeddable":true,"href":"https:\/\/claire-hecquet-chaut.com\/en\/wp-json\/wp\/v2\/comments?post=233"}],"version-history":[{"count":22,"href":"https:\/\/claire-hecquet-chaut.com\/en\/wp-json\/wp\/v2\/pages\/233\/revisions"}],"predecessor-version":[{"id":1953,"href":"https:\/\/claire-hecquet-chaut.com\/en\/wp-json\/wp\/v2\/pages\/233\/revisions\/1953"}],"wp:attachment":[{"href":"https:\/\/claire-hecquet-chaut.com\/en\/wp-json\/wp\/v2\/media?parent=233"}],"curies":[{"name":"wp","href":"https:\/\/api.w.org\/{rel}","templated":true}]}}